{"id":619,"date":"2020-04-08T16:20:56","date_gmt":"2020-04-08T14:20:56","guid":{"rendered":"https:\/\/www.itasa.es\/?page_id=619"},"modified":"2024-03-05T15:54:24","modified_gmt":"2024-03-05T14:54:24","slug":"contactos-de-mercado","status":"publish","type":"page","link":"https:\/\/www.itasa.es\/es\/contacto\/contactos-de-mercado\/","title":{"rendered":"Contactos de mercados"},"content":{"rendered":"<p>&nbsp;<\/p>\n<div class=\"market board\">\n<div class=\"row\">\n<div class=\"col-12\">\n<h2>Director comercial del grupo<\/h2>\n<div class=\"card best\">\n<h4><b>Joseba Zugasti<\/b><\/h4>\n<p>Director comercial del grupo<\/p>\n<ul>\n<li>+34 650 444 166 (M\u00f3vil)<\/li>\n<li>joseba.zugasti@mativ.com<\/li>\n<\/ul>\n<\/div>\n<\/div>\n<\/div>\n<div class=\"row\">\n<div class=\"col-12\">\n<h2>Directores de mercado<\/h2>\n<\/div>\n<div class=\"col-12 col-md-4\">\n<div class=\"card\">\n<h4><b>David Mart\u00ednez<\/b><\/h4>\n<p>Composites<\/p>\n<ul>\n<li>+34 628 908 725 (M\u00f3vil)<\/li>\n<li>david.martinez@mativ.com<\/li>\n<\/ul>\n<\/div>\n<\/div>\n<div class=\"col-12 col-md-4\">\n<div class=\"card\">\n<h4><b>Alessandro Candiani<\/b><\/h4>\n<p>Construcci\u00f3n<\/p>\n<ul>\n<li>+39 348 039 42 72 (M\u00f3vil)<\/li>\n<li>alessandro.candiani@mativ.com<\/li>\n<\/ul>\n<\/div>\n<\/div>\n<div class=\"col-12 col-md-4\">\n<div class=\"card\">\n<h4><b>Emmanuel Elgart<\/b><\/h4>\n<p>Cuidado Personal<\/p>\n<ul>\n<li>+34 696 926 804 (M\u00f3vil)<\/li>\n<li>emmanuel.elgart@mativ.com<\/li>\n<\/ul>\n<\/div>\n<\/div>\n<\/div>\n<\/div>\n<div class=\"container mb-5\">\n<section class=\"world\">\n<h2 class=\"text-center\">Red mundial de ventas<\/h2>\n<h3 class=\"text-center\">Alcance global, atenci\u00f3n al cliente local<\/h3>\n<p class=\"text-center lead\">La red mundial de ventas y asesoramiento de ITASA ofrece apoyo profesional y cualificado a los clientes.<\/p>\n<div id=\"accordion\" class=\"panel-group mt-5\">\n<div class=\"panel panel-default\">\n<div class=\"panel-heading\">\n<h4 class=\"panel-title\"><a class=\"d-block\" href=\"#collapse1\" data-toggle=\"collapse\" data-parent=\"#accordion\">EMEA<small class=\"btn btn-primary btn-lg pull-right\"><i class=\"fa fa-chevron-down\"><\/i><\/small><\/a><\/h4>\n<\/div>\n<div id=\"collapse1\" class=\"panel-collapse collapse in\">\n<div class=\"panel-body market board\">\n<div class=\"row\">\n<div class=\"col-12 col-md-4\">\n<div class=\"card\">\n<h4><b>Jos\u00e9 M\u00aa Pagola<\/b><\/h4>\n<p>Europa oriental, Oriente Medio, Egipto y Sud\u00e1frica<\/p>\n<ul>\n<li>+34 609 404077<\/li>\n<li><\/li>\n<li>jose.pagola@mativ.com<\/li>\n<\/ul>\n<\/div>\n<\/div>\n<div class=\"col-12 col-md-4\">\n<div class=\"card\">\n<h4><b>Daniela Nov\u00e1kov\u00e1<\/b><\/h4>\n<p>Rep\u00fablica Checa y Eslovaquia<\/p>\n<ul>\n<li>+420 222 725 524<\/li>\n<li>+42 0607 540 707<\/li>\n<li>danielanov@volny.cz<\/li>\n<\/ul>\n<\/div>\n<\/div>\n<div class=\"col-12 col-md-4\">\n<div class=\"card\">\n<h4><b>Agnieszka Grabowska<\/b><\/h4>\n<p>Polonia<\/p>\n<ul>\n<li>+48 6040 96522<\/li>\n<li>agnieszka.grabowska@mativ.com<\/li>\n<\/ul>\n<\/div>\n<\/div>\n<div class=\"col-12 col-md-4\">\n<div class=\"card\">\n<h4><b>Ram\u00f3n Gaztelupe<\/b><\/h4>\n<p>Espa\u00f1a, Portugal, Italia, Norte de \u00c1frica<\/p>\n<ul>\n<li>+34 609 473939<\/li>\n<li><\/li>\n<li>ramon.gaztelupe@mativ.com<\/li>\n<\/ul>\n<\/div>\n<\/div>\n<div class=\"col-12 col-md-4\">\n<div class=\"card\">\n<h4><b>Emmanuel Elgart<\/b><\/h4>\n<p>Francia y Reino Unido<\/p>\n<ul>\n<li>+34 696 926 804 (M\u00f3vil)<\/li>\n<li><\/li>\n<li>emmanuel.elgart@mativ.com<\/li>\n<\/ul>\n<\/div>\n<\/div>\n<div class=\"col-12 col-md-4\">\n<div class=\"card\">\n<h4><b>Josef Steinacker<\/b><\/h4>\n<p>Ventas Alemania meridional, Suiza y Austria<\/p>\n<ul>\n<li>+43 7412 561752<\/li>\n<li><\/li>\n<li>josef.steinacker@mativ.com<\/li>\n<\/ul>\n<\/div>\n<\/div>\n<div class=\"col-12 col-md-4\">\n<div class=\"card\">\n<h4><b>Tim J\u00f6hren<\/b><\/h4>\n<p>Ventas Alemania septentrional, Pa\u00edses Bajos y Escandinavia<\/p>\n<ul>\n<li>+49 202 2815641<\/li>\n<li><\/li>\n<li>tim.joehren@mativ.com<\/li>\n<\/ul>\n<\/div>\n<\/div>\n<div class=\"col-12 col-md-4\">\n<div class=\"card\">\n<h4><b>Dora Eliopoulos<\/b><\/h4>\n<p>Grecia<\/p>\n<ul>\n<li>+30 210 6894275-6<\/li>\n<li>+30 693 2464648<\/li>\n<li>doreli@otenet.gr<\/li>\n<\/ul>\n<\/div>\n<\/div>\n<div class=\"col-12 col-md-4\">\n<div class=\"card\">\n<h4><b>Bilhah Solomon<\/b><\/h4>\n<p>Israel<\/p>\n<ul>\n<li>+972 3 64 14 690<\/li>\n<li><\/li>\n<li>solotlv@netvision.net.il<\/li>\n<\/ul>\n<\/div>\n<\/div>\n<div class=\"col-12 col-md-4\">\n<div class=\"card\">\n<h4><b>Printech &#8211; Sandiip K. Lohot<\/b><\/h4>\n<p>Emiratos \u00c1rabes Unidos<\/p>\n<ul>\n<li>+971 4 267 8385<\/li>\n<li><\/li>\n<li>sandiip@printechme.com<\/li>\n<\/ul>\n<\/div>\n<\/div>\n<\/div>\n<\/div>\n<\/div>\n<\/div>\n<div class=\"panel panel-default\">\n<div class=\"panel-heading\">\n<h4 class=\"panel-title\"><a class=\"d-block\" href=\"#collapse2\" data-toggle=\"collapse\" data-parent=\"#accordion\">Asia<small class=\"btn btn-primary btn-lg pull-right\"><i class=\"fa fa-chevron-down\"><\/i><\/small><\/a><\/h4>\n<\/div>\n<div id=\"collapse2\" class=\"panel-collapse collapse\">\n<div class=\"panel-body market board\">\n<div class=\"row\">\n<div class=\"col-12 col-md-4\">\n<div class=\"card\">\n<h4><b>Paul Leow<\/b><\/h4>\n<p>Director de Ventas de liners de film para Asia, Pakist\u00e1n e India<\/p>\n<ul>\n<li>+60 12 532 5376<\/li>\n<li><\/li>\n<li>paul.leow@mativ.com<\/li>\n<\/ul>\n<\/div>\n<\/div>\n<div class=\"col-12 col-md-4\">\n<div class=\"card\">\n<h4><b>Chris Lee<\/b><\/h4>\n<p>Corea<\/p>\n<ul>\n<li>+82 2 6085 2205<\/li>\n<li>+82 10 6257 0200<\/li>\n<li>chris@lebus.co.kr<\/li>\n<\/ul>\n<\/div>\n<\/div>\n<\/div>\n<\/div>\n<\/div>\n<\/div>\n<div class=\"panel panel-default\">\n<div class=\"panel-heading\">\n<h4 class=\"panel-title\"><a class=\"d-block\" href=\"#collapse3\" data-toggle=\"collapse\" data-parent=\"#accordion\">Am\u00e9rica<small class=\"btn btn-primary btn-lg pull-right\"><i class=\"fa fa-chevron-down\"><\/i><\/small><\/a><\/h4>\n<\/div>\n<div id=\"collapse3\" class=\"panel-collapse collapse\">\n<div class=\"panel-body market board\">\n<div class=\"row\">\n<div class=\"col-12 col-md-4\">\n<div class=\"card\">\n<h4><b>Jon M Hanson<\/b><\/h4>\n<p>EE. UU. y Canad\u00e1<\/p>\n<ul>\n<li>+1 612 801 3338<\/li>\n<li>+1 612 801 3338<\/li>\n<li>jon.hanson@mativ.com<\/li>\n<\/ul>\n<\/div>\n<\/div>\n<div class=\"col-12 col-md-4\">\n<\/div>\n<\/div>\n<\/div>\n<\/div>\n<\/div>\n<\/div>\n<\/section>\n<\/div>\n<p><!-- #content --><\/p>\n","protected":false},"excerpt":{"rendered":"<p>&nbsp; Director comercial del grupo Joseba Zugasti Director comercial del grupo +34 650 444 166 (M\u00f3vil) joseba.zugasti@mativ.com Directores de mercado David Mart\u00ednez Composites +34 628 908 725 (M\u00f3vil) david.martinez@mativ.com Alessandro Candiani Construcci\u00f3n +39 348 039 42 72 (M\u00f3vil) alessandro.candiani@mativ.com Emmanuel Elgart Cuidado Personal +34 696 926 804 (M\u00f3vil) emmanuel.elgart@mativ.com Red mundial de ventas Alcance global, [&hellip;]<\/p>\n","protected":false},"author":1,"featured_media":0,"parent":615,"menu_order":0,"comment_status":"closed","ping_status":"closed","template":"","meta":{"_mi_skip_tracking":false,"_monsterinsights_sitenote_active":false,"_monsterinsights_sitenote_note":"","_monsterinsights_sitenote_category":0,"footnotes":""},"acf":[],"yoast_head":"<!-- This site is optimized with the Yoast SEO plugin v21.4 - https:\/\/yoast.com\/wordpress\/plugins\/seo\/ -->\n<title>Contactos de mercados - Itasa<\/title>\n<meta name=\"robots\" content=\"index, follow, max-snippet:-1, max-image-preview:large, max-video-preview:-1\" \/>\n<link rel=\"canonical\" href=\"https:\/\/www.itasa.es\/es\/contacto\/contactos-de-mercado\/\" \/>\n<meta property=\"og:locale\" content=\"es_ES\" \/>\n<meta property=\"og:type\" content=\"article\" \/>\n<meta property=\"og:title\" content=\"Contactos de mercados - Itasa\" \/>\n<meta property=\"og:description\" content=\"&nbsp; Director comercial del grupo Joseba Zugasti Director comercial del grupo +34 650 444 166 (M\u00f3vil) joseba.zugasti@mativ.com Directores de mercado David Mart\u00ednez Composites +34 628 908 725 (M\u00f3vil) david.martinez@mativ.com Alessandro Candiani Construcci\u00f3n +39 348 039 42 72 (M\u00f3vil) alessandro.candiani@mativ.com Emmanuel Elgart Cuidado Personal +34 696 926 804 (M\u00f3vil) emmanuel.elgart@mativ.com Red mundial de ventas Alcance global, [&hellip;]\" \/>\n<meta property=\"og:url\" content=\"https:\/\/www.itasa.es\/es\/contacto\/contactos-de-mercado\/\" \/>\n<meta property=\"og:site_name\" content=\"Itasa\" \/>\n<meta property=\"article:modified_time\" content=\"2024-03-05T14:54:24+00:00\" \/>\n<meta name=\"twitter:card\" content=\"summary_large_image\" \/>\n<meta name=\"twitter:label1\" content=\"Tiempo de lectura\" \/>\n\t<meta name=\"twitter:data1\" content=\"2 minutos\" \/>\n<script type=\"application\/ld+json\" class=\"yoast-schema-graph\">{\"@context\":\"https:\/\/schema.org\",\"@graph\":[{\"@type\":\"WebPage\",\"@id\":\"https:\/\/www.itasa.es\/es\/contacto\/contactos-de-mercado\/\",\"url\":\"https:\/\/www.itasa.es\/es\/contacto\/contactos-de-mercado\/\",\"name\":\"Contactos de mercados - Itasa\",\"isPartOf\":{\"@id\":\"https:\/\/www.itasa.es\/es\/#website\"},\"datePublished\":\"2020-04-08T14:20:56+00:00\",\"dateModified\":\"2024-03-05T14:54:24+00:00\",\"breadcrumb\":{\"@id\":\"https:\/\/www.itasa.es\/es\/contacto\/contactos-de-mercado\/#breadcrumb\"},\"inLanguage\":\"es\",\"potentialAction\":[{\"@type\":\"ReadAction\",\"target\":[\"https:\/\/www.itasa.es\/es\/contacto\/contactos-de-mercado\/\"]}]},{\"@type\":\"BreadcrumbList\",\"@id\":\"https:\/\/www.itasa.es\/es\/contacto\/contactos-de-mercado\/#breadcrumb\",\"itemListElement\":[{\"@type\":\"ListItem\",\"position\":1,\"name\":\"Home\",\"item\":\"https:\/\/www.itasa.es\/es\/\"},{\"@type\":\"ListItem\",\"position\":2,\"name\":\"Contacto\",\"item\":\"https:\/\/www.itasa.es\/es\/contacto\/\"},{\"@type\":\"ListItem\",\"position\":3,\"name\":\"Contactos de mercados\"}]},{\"@type\":\"WebSite\",\"@id\":\"https:\/\/www.itasa.es\/es\/#website\",\"url\":\"https:\/\/www.itasa.es\/es\/\",\"name\":\"Itasa\",\"description\":\"50 a\u00f1os fabricando papel y film siliconados de la mayor calidad.\",\"publisher\":{\"@id\":\"https:\/\/www.itasa.es\/es\/#organization\"},\"potentialAction\":[{\"@type\":\"SearchAction\",\"target\":{\"@type\":\"EntryPoint\",\"urlTemplate\":\"https:\/\/www.itasa.es\/es\/?s={search_term_string}\"},\"query-input\":\"required name=search_term_string\"}],\"inLanguage\":\"es\"},{\"@type\":\"Organization\",\"@id\":\"https:\/\/www.itasa.es\/es\/#organization\",\"name\":\"ITASA\",\"url\":\"https:\/\/www.itasa.es\/es\/\",\"logo\":{\"@type\":\"ImageObject\",\"inLanguage\":\"es\",\"@id\":\"https:\/\/www.itasa.es\/es\/#\/schema\/logo\/image\/\",\"url\":\"https:\/\/www.itasa.es\/wp-content\/uploads\/2020\/04\/logo-itasa-e1617715626128.png\",\"contentUrl\":\"https:\/\/www.itasa.es\/wp-content\/uploads\/2020\/04\/logo-itasa-e1617715626128.png\",\"width\":729,\"height\":222,\"caption\":\"ITASA\"},\"image\":{\"@id\":\"https:\/\/www.itasa.es\/es\/#\/schema\/logo\/image\/\"},\"sameAs\":[\"https:\/\/www.linkedin.com\/company\/itasa\"]}]}<\/script>\n<!-- \/ Yoast SEO plugin. -->","yoast_head_json":{"title":"Contactos de mercados - Itasa","robots":{"index":"index","follow":"follow","max-snippet":"max-snippet:-1","max-image-preview":"max-image-preview:large","max-video-preview":"max-video-preview:-1"},"canonical":"https:\/\/www.itasa.es\/es\/contacto\/contactos-de-mercado\/","og_locale":"es_ES","og_type":"article","og_title":"Contactos de mercados - Itasa","og_description":"&nbsp; Director comercial del grupo Joseba Zugasti Director comercial del grupo +34 650 444 166 (M\u00f3vil) joseba.zugasti@mativ.com Directores de mercado David Mart\u00ednez Composites +34 628 908 725 (M\u00f3vil) david.martinez@mativ.com Alessandro Candiani Construcci\u00f3n +39 348 039 42 72 (M\u00f3vil) alessandro.candiani@mativ.com Emmanuel Elgart Cuidado Personal +34 696 926 804 (M\u00f3vil) emmanuel.elgart@mativ.com Red mundial de ventas Alcance global, [&hellip;]","og_url":"https:\/\/www.itasa.es\/es\/contacto\/contactos-de-mercado\/","og_site_name":"Itasa","article_modified_time":"2024-03-05T14:54:24+00:00","twitter_card":"summary_large_image","twitter_misc":{"Tiempo de lectura":"2 minutos"},"schema":{"@context":"https:\/\/schema.org","@graph":[{"@type":"WebPage","@id":"https:\/\/www.itasa.es\/es\/contacto\/contactos-de-mercado\/","url":"https:\/\/www.itasa.es\/es\/contacto\/contactos-de-mercado\/","name":"Contactos de mercados - Itasa","isPartOf":{"@id":"https:\/\/www.itasa.es\/es\/#website"},"datePublished":"2020-04-08T14:20:56+00:00","dateModified":"2024-03-05T14:54:24+00:00","breadcrumb":{"@id":"https:\/\/www.itasa.es\/es\/contacto\/contactos-de-mercado\/#breadcrumb"},"inLanguage":"es","potentialAction":[{"@type":"ReadAction","target":["https:\/\/www.itasa.es\/es\/contacto\/contactos-de-mercado\/"]}]},{"@type":"BreadcrumbList","@id":"https:\/\/www.itasa.es\/es\/contacto\/contactos-de-mercado\/#breadcrumb","itemListElement":[{"@type":"ListItem","position":1,"name":"Home","item":"https:\/\/www.itasa.es\/es\/"},{"@type":"ListItem","position":2,"name":"Contacto","item":"https:\/\/www.itasa.es\/es\/contacto\/"},{"@type":"ListItem","position":3,"name":"Contactos de mercados"}]},{"@type":"WebSite","@id":"https:\/\/www.itasa.es\/es\/#website","url":"https:\/\/www.itasa.es\/es\/","name":"Itasa","description":"50 a\u00f1os fabricando papel y film siliconados de la mayor calidad.","publisher":{"@id":"https:\/\/www.itasa.es\/es\/#organization"},"potentialAction":[{"@type":"SearchAction","target":{"@type":"EntryPoint","urlTemplate":"https:\/\/www.itasa.es\/es\/?s={search_term_string}"},"query-input":"required name=search_term_string"}],"inLanguage":"es"},{"@type":"Organization","@id":"https:\/\/www.itasa.es\/es\/#organization","name":"ITASA","url":"https:\/\/www.itasa.es\/es\/","logo":{"@type":"ImageObject","inLanguage":"es","@id":"https:\/\/www.itasa.es\/es\/#\/schema\/logo\/image\/","url":"https:\/\/www.itasa.es\/wp-content\/uploads\/2020\/04\/logo-itasa-e1617715626128.png","contentUrl":"https:\/\/www.itasa.es\/wp-content\/uploads\/2020\/04\/logo-itasa-e1617715626128.png","width":729,"height":222,"caption":"ITASA"},"image":{"@id":"https:\/\/www.itasa.es\/es\/#\/schema\/logo\/image\/"},"sameAs":["https:\/\/www.linkedin.com\/company\/itasa"]}]}},"_links":{"self":[{"href":"https:\/\/www.itasa.es\/es\/wp-json\/wp\/v2\/pages\/619"}],"collection":[{"href":"https:\/\/www.itasa.es\/es\/wp-json\/wp\/v2\/pages"}],"about":[{"href":"https:\/\/www.itasa.es\/es\/wp-json\/wp\/v2\/types\/page"}],"author":[{"embeddable":true,"href":"https:\/\/www.itasa.es\/es\/wp-json\/wp\/v2\/users\/1"}],"replies":[{"embeddable":true,"href":"https:\/\/www.itasa.es\/es\/wp-json\/wp\/v2\/comments?post=619"}],"version-history":[{"count":16,"href":"https:\/\/www.itasa.es\/es\/wp-json\/wp\/v2\/pages\/619\/revisions"}],"predecessor-version":[{"id":2904,"href":"https:\/\/www.itasa.es\/es\/wp-json\/wp\/v2\/pages\/619\/revisions\/2904"}],"up":[{"embeddable":true,"href":"https:\/\/www.itasa.es\/es\/wp-json\/wp\/v2\/pages\/615"}],"wp:attachment":[{"href":"https:\/\/www.itasa.es\/es\/wp-json\/wp\/v2\/media?parent=619"}],"curies":[{"name":"wp","href":"https:\/\/api.w.org\/{rel}","templated":true}]}}