{"id":596,"date":"2020-04-08T14:14:00","date_gmt":"2020-04-08T12:14:00","guid":{"rendered":"https:\/\/www.itasa.es\/?page_id=596"},"modified":"2024-07-08T11:40:10","modified_gmt":"2024-07-08T09:40:10","slug":"papel-pet","status":"publish","type":"page","link":"https:\/\/www.itasa.es\/es\/papel-pet\/","title":{"rendered":"Papel &#038; PET"},"content":{"rendered":"<p>&nbsp;<\/p>\n<h3>Papel &amp; PET.<br \/>\nRENDIMIENTO M\u00c1S ALL\u00c1 DE LO VISIBLE.<\/h3>\n<p>Los release liners de Itasa son soluciones dise\u00f1adas para aplicaciones de alto rendimiento, tanto en productos autoadhesivos que demandan superficies de pel\u00edcula suave como en industrias exigentes donde la precisi\u00f3n y la fiabilidad son primordiales. Con un enfoque riguroso en calidad e innovaci\u00f3n, nuestros release liners est\u00e1n dise\u00f1ados para satisfacer m\u00faltiples requisitos en diversos sectores. Proporcionamos soluciones personalizadas que mejoran la eficiencia y el rendimiento en diversas \u00e1reas de utilizaci\u00f3n.<\/p>\n<p>Descubre la calidad excepcional con nuestros release liners personalizables, disponibles en anchos m\u00ednimos a medida bajo pedido, y en anchos m\u00e1ximos de hasta 2.300 mm.<br \/>\nCon opciones de grosor que cumplen con los est\u00e1ndares del mercado: desde 12 hasta 125 \u00b5m en sustratos de PET; y desde 25 hasta 180 g\/m2 en sustratos de papel. Cubrimos todas tus necesidades.<\/p>\n<p>&nbsp;<\/p>\n<div class=\"\">\n<div class=\"row\">\n<div class=\"col-12 col-md-4 col-lg-4 px-lg-3\">\n<p><img decoding=\"async\" loading=\"lazy\" class=\"alignnone wp-image-2781 size-full\" src=\"https:\/\/www.itasa.es\/wp-content\/uploads\/2024\/02\/Grupo-105@2x.jpg\" alt=\"\" width=\"710\" height=\"472\" srcset=\"https:\/\/www.itasa.es\/wp-content\/uploads\/2024\/02\/Grupo-105@2x.jpg 710w, https:\/\/www.itasa.es\/wp-content\/uploads\/2024\/02\/Grupo-105@2x-300x199.jpg 300w\" sizes=\"(max-width: 710px) 100vw, 710px\" \/><\/p>\n<h4>Versatilidad en sustratos.<\/h4>\n<p>Explora nuestros sustratos de papel, BCK, SCK, PCR y PET. Desde papeles base certificados FSC y PEFC fabricados con 100% de fibras v\u00edrgenes renovables, hasta poliester transparente, mate, o de colores est\u00e1ndar del mercado.<\/p>\n<\/div>\n<div class=\"col-12 col-md-4 col-lg-4 px-lg-3\" style=\"padding-right: 10px;\">\n<p><img decoding=\"async\" loading=\"lazy\" class=\"alignnone wp-image-2783 size-full\" src=\"https:\/\/www.itasa.es\/wp-content\/uploads\/2024\/02\/coating-mastery.jpg\" alt=\"\" width=\"712\" height=\"472\" \/><\/p>\n<h4>Maestr\u00eda en siliconado.<\/h4>\n<p>Nuestras formulaciones de silicona termocurada sin solventes, proporcionan un rendimiento ambiental y operativo mejorado: propiedades \u00f3ptimas del siliconado, estabilidad del valor de liberaci\u00f3n y consistencia a lo largo del tiempo.<\/p>\n<\/div>\n<div class=\"col-12 col-md-4 col-lg-4 px-lg-3\" style=\"padding-right: 10px;\">\n<p><img decoding=\"async\" loading=\"lazy\" class=\"alignnone wp-image-2785 size-full\" src=\"https:\/\/www.itasa.es\/wp-content\/uploads\/2024\/02\/Grupo-104@2x.jpg\" alt=\"\" width=\"710\" height=\"472\" srcset=\"https:\/\/www.itasa.es\/wp-content\/uploads\/2024\/02\/Grupo-104@2x.jpg 710w, https:\/\/www.itasa.es\/wp-content\/uploads\/2024\/02\/Grupo-104@2x-300x199.jpg 300w\" sizes=\"(max-width: 710px) 100vw, 710px\" \/><\/p>\n<h4>Siente la qu\u00edmica.<\/h4>\n<p>Nuestros release liners garantizan una excelente estabilidad t\u00e9rmica y dimensional, elevada resistencia a las variaciones de temperatura y diferenciales de despegue personalizados que se pueden ajustar en ambas caras a las necesidades espec\u00edficas de uso.<\/p>\n<\/div>\n<\/div>\n<\/div>\n<p>&nbsp;<\/p>\n<h3>Aplicaciones de alto rendimiento.<\/h3>\n<p>Ad\u00e9ntrate en el mundo de las aplicaciones de alto rendimiento con los release liners de papel y PET de Itasa. Con 50 a\u00f1os de experiencia en la fabricaci\u00f3n de release liners de la m\u00e1s alta calidad, hemos desarrollado soluciones personalizadas adaptadas a las necesidades espec\u00edficas de los sectores m\u00e1s exigentes.<\/p>\n<p>Aplicamos nuestro extenso conocimiento para satisfacer las demandas de las industrias m\u00e1s rigurosas, ofreciendo soluciones espec\u00edficas y de alta calidad a cada uno de nuestros clientes. Desde nuestras instalaciones de producci\u00f3n en Espa\u00f1a y M\u00e9xico, distribuimos nuestra completa gama de release liners de papel y PET a nivel mundial.<\/p>\n<p><img decoding=\"async\" loading=\"lazy\" class=\"alignnone size-full wp-image-2787\" src=\"https:\/\/www.itasa.es\/wp-content\/uploads\/2024\/02\/Corp22_Ret_236.jpg\" alt=\"\" width=\"1121\" height=\"483\" srcset=\"https:\/\/www.itasa.es\/wp-content\/uploads\/2024\/02\/Corp22_Ret_236.jpg 1121w, https:\/\/www.itasa.es\/wp-content\/uploads\/2024\/02\/Corp22_Ret_236-300x129.jpg 300w, https:\/\/www.itasa.es\/wp-content\/uploads\/2024\/02\/Corp22_Ret_236-1024x441.jpg 1024w, https:\/\/www.itasa.es\/wp-content\/uploads\/2024\/02\/Corp22_Ret_236-768x331.jpg 768w\" sizes=\"(max-width: 1121px) 100vw, 1121px\" \/><\/p>\n<h2 id=\"paper\" class=\"mt-5 text-center\">PAPEL<\/h2>\n<div class=\"tabla\">\n<div class=\"ficha-tabla table-responsive\">\n<p>BCK (Barrier Coated Kraft)12-2300120-135<\/p>\n<table class=\"table table-bordered table-hover\">\n<thead class=\"thead-light\">\n<tr>\n<th scope=\"col\">Sustrato de papel<\/th>\n<th scope=\"col\">Anchura (mm)<\/th>\n<th scope=\"col\">GSM<\/th>\n<\/tr>\n<\/thead>\n<tbody>\n<tr>\n<th scope=\"row\">Clay Coated Kraft<\/th>\n<td>12-2300<\/td>\n<td>40-180<\/td>\n<\/tr>\n<tr>\n<th scope=\"row\">PE Coated Kraft (1S\/2S PCK)<\/th>\n<td>12-2300<\/td>\n<td>50-130<\/td>\n<\/tr>\n<tr>\n<th scope=\"row\">Machine Glazed \/ Finished<\/th>\n<td>12-2300<\/td>\n<td>30-60<\/td>\n<\/tr>\n<tr>\n<th scope=\"row\">SCK<\/th>\n<td>12-2300<\/td>\n<td>40-160<\/td>\n<\/tr>\n<tr>\n<th scope=\"row\">Glassine<\/th>\n<td>12-2300<\/td>\n<td>40-160<\/td>\n<\/tr>\n<tr>\n<th scope=\"row\">Kraft<\/th>\n<td>12-2300<\/td>\n<td>40-90<\/td>\n<\/tr>\n<tr>\n<th scope=\"row\">Latex Saturated<\/th>\n<td>12-2300<\/td>\n<td>65-105<\/td>\n<\/tr>\n<tr>\n<th scope=\"row\">SCK Futura Liner<\/th>\n<td>12-2300<\/td>\n<td>50-85<\/td>\n<\/tr>\n<tr>\n<th scope=\"row\">PCR Futura Liner<\/th>\n<td>12-2300<\/td>\n<td>55-80<\/td>\n<\/tr>\n<\/tbody>\n<\/table>\n<\/div>\n<\/div>\n<h2 id=\"films\" class=\"mt-5 text-center\">FILM<\/h2>\n<div class=\"tabla\">\n<div class=\"ficha-tabla table-responsive\">\n<table class=\"table table-bordered table-hover\">\n<thead class=\"thead-light\">\n<tr>\n<th scope=\"col\">Film<\/th>\n<th scope=\"col\">Anchura (mm)<\/th>\n<th scope=\"col\">Gramajes ((\u03bcm))<\/th>\n<\/tr>\n<\/thead>\n<tbody>\n<tr>\n<th scope=\"row\">PET<\/th>\n<td>12-2300<\/td>\n<td>12-125 (\u03bcm)<\/td>\n<\/tr>\n<tr>\n<th scope=\"row\">PET PCR Futura Liner<\/th>\n<td>12-2300<\/td>\n<td>12-125 (\u03bcm)<\/td>\n<\/tr>\n<\/tbody>\n<\/table>\n<\/div>\n<\/div>\n","protected":false},"excerpt":{"rendered":"<p>&nbsp; Papel &amp; PET. RENDIMIENTO M\u00c1S ALL\u00c1 DE LO VISIBLE. Los release liners de Itasa son soluciones dise\u00f1adas para aplicaciones de alto rendimiento, tanto en productos autoadhesivos que demandan superficies de pel\u00edcula suave como en industrias exigentes donde la precisi\u00f3n y la fiabilidad son primordiales. Con un enfoque riguroso en calidad e innovaci\u00f3n, nuestros release [&hellip;]<\/p>\n","protected":false},"author":1,"featured_media":2780,"parent":0,"menu_order":0,"comment_status":"closed","ping_status":"closed","template":"template-paper.php","meta":{"_mi_skip_tracking":false,"_monsterinsights_sitenote_active":false,"_monsterinsights_sitenote_note":"","_monsterinsights_sitenote_category":0,"footnotes":""},"acf":[],"yoast_head":"<!-- This site is optimized with the Yoast SEO plugin v21.4 - https:\/\/yoast.com\/wordpress\/plugins\/seo\/ -->\n<title>Los release liners de papel y film m\u00e1s fiables del mercado<\/title>\n<meta name=\"description\" content=\"Durante m\u00e1s de 40\u00a0a\u00f1os, Itasa ha fabricado release liners siliconados de la mayor calidad, con el desarrollo de soluciones personalizadas.\" \/>\n<meta name=\"robots\" content=\"index, follow, max-snippet:-1, max-image-preview:large, max-video-preview:-1\" \/>\n<link rel=\"canonical\" href=\"https:\/\/www.itasa.es\/es\/papel-pet\/\" \/>\n<meta property=\"og:locale\" content=\"es_ES\" \/>\n<meta property=\"og:type\" content=\"article\" \/>\n<meta property=\"og:title\" content=\"Los release liners de papel y film m\u00e1s fiables del mercado\" \/>\n<meta property=\"og:description\" content=\"Durante m\u00e1s de 40\u00a0a\u00f1os, Itasa ha fabricado release liners siliconados de la mayor calidad, con el desarrollo de soluciones personalizadas.\" \/>\n<meta property=\"og:url\" content=\"https:\/\/www.itasa.es\/es\/papel-pet\/\" \/>\n<meta property=\"og:site_name\" content=\"Itasa\" \/>\n<meta property=\"article:modified_time\" content=\"2024-07-08T09:40:10+00:00\" \/>\n<meta property=\"og:image\" content=\"https:\/\/www.itasa.es\/wp-content\/uploads\/2024\/02\/Corp22_Orig_396.jpg\" \/>\n\t<meta property=\"og:image:width\" content=\"1908\" \/>\n\t<meta property=\"og:image:height\" content=\"497\" \/>\n\t<meta property=\"og:image:type\" content=\"image\/jpeg\" \/>\n<meta name=\"twitter:card\" content=\"summary_large_image\" \/>\n<meta name=\"twitter:label1\" content=\"Tiempo de lectura\" \/>\n\t<meta name=\"twitter:data1\" content=\"3 minutos\" \/>\n<script type=\"application\/ld+json\" class=\"yoast-schema-graph\">{\"@context\":\"https:\/\/schema.org\",\"@graph\":[{\"@type\":\"WebPage\",\"@id\":\"https:\/\/www.itasa.es\/es\/papel-pet\/\",\"url\":\"https:\/\/www.itasa.es\/es\/papel-pet\/\",\"name\":\"Los release liners de papel y film m\u00e1s fiables del mercado\",\"isPartOf\":{\"@id\":\"https:\/\/www.itasa.es\/es\/#website\"},\"datePublished\":\"2020-04-08T12:14:00+00:00\",\"dateModified\":\"2024-07-08T09:40:10+00:00\",\"description\":\"Durante m\u00e1s de 40\u00a0a\u00f1os, Itasa ha fabricado release liners siliconados de la mayor calidad, con el desarrollo de soluciones personalizadas.\",\"breadcrumb\":{\"@id\":\"https:\/\/www.itasa.es\/es\/papel-pet\/#breadcrumb\"},\"inLanguage\":\"es\",\"potentialAction\":[{\"@type\":\"ReadAction\",\"target\":[\"https:\/\/www.itasa.es\/es\/papel-pet\/\"]}]},{\"@type\":\"BreadcrumbList\",\"@id\":\"https:\/\/www.itasa.es\/es\/papel-pet\/#breadcrumb\",\"itemListElement\":[{\"@type\":\"ListItem\",\"position\":1,\"name\":\"Home\",\"item\":\"https:\/\/www.itasa.es\/es\/\"},{\"@type\":\"ListItem\",\"position\":2,\"name\":\"Papel &#038; PET\"}]},{\"@type\":\"WebSite\",\"@id\":\"https:\/\/www.itasa.es\/es\/#website\",\"url\":\"https:\/\/www.itasa.es\/es\/\",\"name\":\"Itasa\",\"description\":\"50 a\u00f1os fabricando papel y film siliconados de la mayor calidad.\",\"publisher\":{\"@id\":\"https:\/\/www.itasa.es\/es\/#organization\"},\"potentialAction\":[{\"@type\":\"SearchAction\",\"target\":{\"@type\":\"EntryPoint\",\"urlTemplate\":\"https:\/\/www.itasa.es\/es\/?s={search_term_string}\"},\"query-input\":\"required name=search_term_string\"}],\"inLanguage\":\"es\"},{\"@type\":\"Organization\",\"@id\":\"https:\/\/www.itasa.es\/es\/#organization\",\"name\":\"ITASA\",\"url\":\"https:\/\/www.itasa.es\/es\/\",\"logo\":{\"@type\":\"ImageObject\",\"inLanguage\":\"es\",\"@id\":\"https:\/\/www.itasa.es\/es\/#\/schema\/logo\/image\/\",\"url\":\"https:\/\/www.itasa.es\/wp-content\/uploads\/2020\/04\/logo-itasa-e1617715626128.png\",\"contentUrl\":\"https:\/\/www.itasa.es\/wp-content\/uploads\/2020\/04\/logo-itasa-e1617715626128.png\",\"width\":729,\"height\":222,\"caption\":\"ITASA\"},\"image\":{\"@id\":\"https:\/\/www.itasa.es\/es\/#\/schema\/logo\/image\/\"},\"sameAs\":[\"https:\/\/www.linkedin.com\/company\/itasa\"]}]}<\/script>\n<!-- \/ Yoast SEO plugin. -->","yoast_head_json":{"title":"Los release liners de papel y film m\u00e1s fiables del mercado","description":"Durante m\u00e1s de 40\u00a0a\u00f1os, Itasa ha fabricado release liners siliconados de la mayor calidad, con el desarrollo de soluciones personalizadas.","robots":{"index":"index","follow":"follow","max-snippet":"max-snippet:-1","max-image-preview":"max-image-preview:large","max-video-preview":"max-video-preview:-1"},"canonical":"https:\/\/www.itasa.es\/es\/papel-pet\/","og_locale":"es_ES","og_type":"article","og_title":"Los release liners de papel y film m\u00e1s fiables del mercado","og_description":"Durante m\u00e1s de 40\u00a0a\u00f1os, Itasa ha fabricado release liners siliconados de la mayor calidad, con el desarrollo de soluciones personalizadas.","og_url":"https:\/\/www.itasa.es\/es\/papel-pet\/","og_site_name":"Itasa","article_modified_time":"2024-07-08T09:40:10+00:00","og_image":[{"width":1908,"height":497,"url":"https:\/\/www.itasa.es\/wp-content\/uploads\/2024\/02\/Corp22_Orig_396.jpg","type":"image\/jpeg"}],"twitter_card":"summary_large_image","twitter_misc":{"Tiempo de lectura":"3 minutos"},"schema":{"@context":"https:\/\/schema.org","@graph":[{"@type":"WebPage","@id":"https:\/\/www.itasa.es\/es\/papel-pet\/","url":"https:\/\/www.itasa.es\/es\/papel-pet\/","name":"Los release liners de papel y film m\u00e1s fiables del mercado","isPartOf":{"@id":"https:\/\/www.itasa.es\/es\/#website"},"datePublished":"2020-04-08T12:14:00+00:00","dateModified":"2024-07-08T09:40:10+00:00","description":"Durante m\u00e1s de 40\u00a0a\u00f1os, Itasa ha fabricado release liners siliconados de la mayor calidad, con el desarrollo de soluciones personalizadas.","breadcrumb":{"@id":"https:\/\/www.itasa.es\/es\/papel-pet\/#breadcrumb"},"inLanguage":"es","potentialAction":[{"@type":"ReadAction","target":["https:\/\/www.itasa.es\/es\/papel-pet\/"]}]},{"@type":"BreadcrumbList","@id":"https:\/\/www.itasa.es\/es\/papel-pet\/#breadcrumb","itemListElement":[{"@type":"ListItem","position":1,"name":"Home","item":"https:\/\/www.itasa.es\/es\/"},{"@type":"ListItem","position":2,"name":"Papel &#038; PET"}]},{"@type":"WebSite","@id":"https:\/\/www.itasa.es\/es\/#website","url":"https:\/\/www.itasa.es\/es\/","name":"Itasa","description":"50 a\u00f1os fabricando papel y film siliconados de la mayor calidad.","publisher":{"@id":"https:\/\/www.itasa.es\/es\/#organization"},"potentialAction":[{"@type":"SearchAction","target":{"@type":"EntryPoint","urlTemplate":"https:\/\/www.itasa.es\/es\/?s={search_term_string}"},"query-input":"required name=search_term_string"}],"inLanguage":"es"},{"@type":"Organization","@id":"https:\/\/www.itasa.es\/es\/#organization","name":"ITASA","url":"https:\/\/www.itasa.es\/es\/","logo":{"@type":"ImageObject","inLanguage":"es","@id":"https:\/\/www.itasa.es\/es\/#\/schema\/logo\/image\/","url":"https:\/\/www.itasa.es\/wp-content\/uploads\/2020\/04\/logo-itasa-e1617715626128.png","contentUrl":"https:\/\/www.itasa.es\/wp-content\/uploads\/2020\/04\/logo-itasa-e1617715626128.png","width":729,"height":222,"caption":"ITASA"},"image":{"@id":"https:\/\/www.itasa.es\/es\/#\/schema\/logo\/image\/"},"sameAs":["https:\/\/www.linkedin.com\/company\/itasa"]}]}},"_links":{"self":[{"href":"https:\/\/www.itasa.es\/es\/wp-json\/wp\/v2\/pages\/596"}],"collection":[{"href":"https:\/\/www.itasa.es\/es\/wp-json\/wp\/v2\/pages"}],"about":[{"href":"https:\/\/www.itasa.es\/es\/wp-json\/wp\/v2\/types\/page"}],"author":[{"embeddable":true,"href":"https:\/\/www.itasa.es\/es\/wp-json\/wp\/v2\/users\/1"}],"replies":[{"embeddable":true,"href":"https:\/\/www.itasa.es\/es\/wp-json\/wp\/v2\/comments?post=596"}],"version-history":[{"count":21,"href":"https:\/\/www.itasa.es\/es\/wp-json\/wp\/v2\/pages\/596\/revisions"}],"predecessor-version":[{"id":2198,"href":"https:\/\/www.itasa.es\/es\/wp-json\/wp\/v2\/pages\/596\/revisions\/2198"}],"wp:featuredmedia":[{"embeddable":true,"href":"https:\/\/www.itasa.es\/es\/wp-json\/wp\/v2\/media\/2780"}],"wp:attachment":[{"href":"https:\/\/www.itasa.es\/es\/wp-json\/wp\/v2\/media?parent=596"}],"curies":[{"name":"wp","href":"https:\/\/api.w.org\/{rel}","templated":true}]}}