{"id":583,"date":"2020-04-08T13:27:21","date_gmt":"2020-04-08T11:27:21","guid":{"rendered":"https:\/\/www.itasa.es\/?page_id=583"},"modified":"2024-05-08T14:53:41","modified_gmt":"2024-05-08T12:53:41","slug":"sobre-itasa","status":"publish","type":"page","link":"https:\/\/www.itasa.es\/es\/sobre-itasa\/","title":{"rendered":"Sobre ITASA"},"content":{"rendered":"<p>&nbsp;<\/p>\n<section class=\"about sector-x\">\n<div class=\"container-fluid p-0\">\n<div class=\"row no-gutters py-3\">\n<div class=\"col-12 col-lg-6 offset-lg-3 px-3 px-lg-0\">\n<h2 id=\"empresa\" class=\"text-center\">Nuestra empresa<\/h2>\n<h3 class=\"py-3\">ITASA<\/h3>\n<div class=\"contenido\">\n<p>Desde 1974, en Itasa nos dedicamos a la fabricaci\u00f3n de release liners de alta calidad, orientados a una amplia variedad de aplicaciones y sectores. En la actualidad se nos considera una referencia global en el mercado de soportes siliconados.<\/p>\n<p>Nuestro \u00e9xito es consecuencia de una inversi\u00f3n constante para reforzar nuestra presencia en los cinco continentes. Tenemos una posici\u00f3n s\u00f3lida en Europa y EE.\u00a0UU. y cada vez somos m\u00e1s fuertes en Oriente Medio, Asia y Sudam\u00e9rica.<\/p>\n<p>Nos centramos en nuestros clientes y les ofrecemos el mejor servicio con la m\u00e1xima flexibilidad y soluciones personalizadas. nuestra filosof\u00eda se basa en poner al cliente en el centro de nuestras decisiones, trabajando \u201ccodo con codo\u00bb con nuestros clientes. Se nos reconoce por nuestra gran capacidad de adaptaci\u00f3n.<\/p>\n<\/div>\n<p class=\"text-center\"><a class=\"btn btn-primary btn-lg\" href=\"https:\/\/www.itasa.es\/download\/494\/\" rel=\"nofollow\">Descarga: Cat\u00e1logo corporativo <i class=\"fa fa-chevron-down ml-3\"><\/i><\/a><\/p>\n<\/div>\n<\/div>\n<div class=\"row no-gutters py-3\">\n<div class=\"col-12 col-lg-6\"><img decoding=\"async\" class=\"img-fluid argazkia\" src=\"https:\/\/www.itasa.es\/wp-content\/uploads\/2022\/04\/itasa-our-business-destacado-sobre-nosotros.jpg\" \/><\/div>\n<div class=\"col-12 col-lg-6 contact-content\">\n<div class=\"sector-bullets p-5\">\n<ul>\n<li>Facturaci\u00f3n 2023: 155 M\u20ac.<\/li>\n<li>Capacidad de producci\u00f3n anual: m\u00e1s de 1000\u00a0millones de m2.<\/li>\n<li>Equipo: 343 trabajadores especializados.<\/li>\n<li>Actividad principal: especialistas en release liners.<\/li>\n<li>Plantas de producci\u00f3n en Espa\u00f1a y M\u00e9xico.<\/li>\n<\/ul>\n<\/div>\n<\/div>\n<\/div>\n<p>&nbsp;<\/p>\n<div class=\"row no-gutters py-5\">\n<div class=\"col-12 col-md-6 col-lg-6 offset-lg-2 world px-3 px-lg-0\">\n<h2 id=\"visi\u00f3n\" style=\"color: black;\">Nuestra visi\u00f3n y estrategia<\/h2>\n<p>&nbsp;<\/p>\n<div class=\"contenido\">\n<p>La visi\u00f3n de Mativ es generar crecimiento para nuestros empleados, clientes, usuarios finales y accionistas.<\/p>\n<p>La estrategia es impulsar la creaci\u00f3n de valor a largo plazo acelerando el desempe\u00f1o en nuestras cuatro plataformas de crecimiento espec\u00edficas.<\/p>\n<p>\u201cRelease Liners\u201d es una de nuestras cuatro plataformas, e Itasa es un convertidor de soportes siliconados l\u00edder a nivel mundial.<\/p>\n<\/div>\n<\/div>\n<div class=\"col-12 col-md-6 col-lg-4\"><img decoding=\"async\" class=\"img-fluid argazkia bertikala\" src=\"https:\/\/www.itasa.es\/wp-content\/uploads\/2022\/04\/itasa-our-vision-and-strategy-.jpg\" \/><\/div>\n<\/div>\n<div class=\"row no-gutters py-3 justify-content-center\">\n<div class=\"col-12 col-lg-10 px-3 px-lg-0\">\n<h2 id=\"tecnolog\u00eda\" class=\"text-center\">Nuestra tecnolog\u00eda<\/h2>\n<div class=\"contenido\">\n<div class=\"tabla\">\n<div class=\"ficha-tabla table-responsive\">\n<table class=\"table table-bordered table-hover\">\n<thead class=\"thead-light\">\n<tr>\n<th colspan=\"7\" scope=\"col\">Activos Globales de Producci\u00f3n<\/th>\n<\/tr>\n<tr>\n<th scope=\"col\">1989<\/th>\n<th scope=\"col\">1997<\/th>\n<th scope=\"col\">2007<\/th>\n<th scope=\"col\">2011<\/th>\n<th scope=\"col\">2019<\/th>\n<th scope=\"col\">2023<\/th>\n<th rowspan=\"3\" scope=\"col\">12 cortadoras\/rebobinadoras<br \/>\n(12\u00a0mm \u2013 2300\u00a0mm)<\/th>\n<\/tr>\n<tr>\n<th scope=\"col\">M2 (Espa\u00f1a)<\/th>\n<th scope=\"col\">M3 (Espa\u00f1a)<\/th>\n<th scope=\"col\">M4 (Espa\u00f1a)<\/th>\n<th scope=\"col\">M5 (Espa\u00f1a)<\/th>\n<th scope=\"col\">M6 (Mexico)<\/th>\n<th scope=\"col\">M7 (Mexico)<\/th>\n<\/tr>\n<tr>\n<th scope=\"col\">Pagendarm<\/th>\n<th scope=\"col\">BMB<\/th>\n<th scope=\"col\">KROENERT-BMB<\/th>\n<th scope=\"col\">KROENERT-BMB<\/th>\n<th scope=\"col\">Bobst<\/th>\n<th scope=\"col\">Polytype<\/th>\n<\/tr>\n<\/thead>\n<tbody>\n<tr>\n<td>Sin solvente<\/td>\n<td>Sin solvente<\/td>\n<td>Sin solvente<\/td>\n<td>Sin solvente<\/td>\n<td>Sin solvente<\/td>\n<td>Sin solvente<\/td>\n<td><\/td>\n<\/tr>\n<tr>\n<td>Papel<\/td>\n<td>Papel<\/td>\n<td>Papel y film<\/td>\n<td>Papel y film<\/td>\n<td>Papel y film<\/td>\n<td>Papel y film<\/td>\n<td>Papel y film<\/td>\n<\/tr>\n<tr>\n<td>1,650mm<\/td>\n<td>1,650mm<\/td>\n<td>2,300mm<\/td>\n<td>1,650mm<\/td>\n<td>1,700mm<\/td>\n<td>1,700mm<\/td>\n<td>12mm &#8211; 2,300mm<\/td>\n<\/tr>\n<tr>\n<td>350\u00a0m\/min<\/td>\n<td>500m\/min<\/td>\n<td>800m\/min<\/td>\n<td>1,000m\/min<\/td>\n<td>1,000m\/min<\/td>\n<td>1,000m\/min<\/td>\n<td><\/td>\n<\/tr>\n<tr>\n<td><\/td>\n<td><\/td>\n<td>Impresi\u00f3n flexogr\u00e1fica inline<\/td>\n<td><\/td>\n<td>Impresi\u00f3n flexogr\u00e1fica inline<\/td>\n<td><\/td>\n<td>Impresi\u00f3n flexograf\u00eda offline<\/td>\n<\/tr>\n<\/tbody>\n<\/table>\n<\/div>\n<\/div>\n<\/div>\n<\/div>\n<\/div>\n<div class=\"row no-gutters py-3\">\n<div class=\"col-12 col-lg-6 offset-lg-3 px-3 px-lg-0\">\n<h2> id=\u00bbevoluci\u00f3n\u00bb class=\u00bbtext-center\u00bb style=\u00bbcolor: black;\u00bb>Nuestra evoluci\u00f3n<\/h2>\n<div class=\"contenido\">\n<ul class=\"timeline\">\n<li>\n<h3><span class=\"datetime \">1974<\/span> <span class=\"date-descr\">Las familias Arocena y Pagola fundan ITASA.<\/span><\/h3>\n<\/li>\n<li>\n<h3><span class=\"datetime \">1989<br \/>\n2007<\/span> <span class=\"date-descr\">Entre 1989 y 2007 se instalan tres m\u00e1quinas de siliconado de tecnolog\u00eda vanguardista.<\/span><\/h3>\n<\/li>\n<li>\n<h3><span class=\"datetime \">2010<\/span> <span class=\"date-descr\">En 2010 se duplica el espacio de almac\u00e9n para mantener el sustancial crecimiento de la actividad.<\/span><\/h3>\n<\/li>\n<li>\n<h3><span class=\"datetime \">2011<\/span> <span class=\"date-descr\">Hacia finales de 2011 la empresa ampl\u00eda su capacidad de producci\u00f3n con una cuarta m\u00e1quina de siliconado, con una velocidad de 1000\u00a0metros por minuto y una anchura de 1,65\u00a0metros. Itasa controla la fabricaci\u00f3n de una amplia variedad de anchuras, hasta 2,3\u00a0metros.<\/span><\/h3>\n<\/li>\n<li>\n<h3><span class=\"datetime \">2012<br \/>\n2013<\/span> <span class=\"date-descr\">Instalaci\u00f3n de la impresora Flexo Offline cuya velocidad general es de 800\u00a0metros por minuto.<br \/>\nEn 2013, Itasa incorpora una nueva l\u00ednea de empaquetado y dos cortadoras-rebobinadoras Euromac.<br \/>\n<\/span><\/h3>\n<\/li>\n<li>\n<h3><span class=\"datetime \">2014<\/span> <span class=\"date-descr\">Itasa ampl\u00eda sus instalaciones en Andoain para poder albergar las futuras incorporaciones a sus equipos comerciales y administrativos.<br \/>\nEl mismo tiempo, aumenta la superficie disponible para laboratorios y pruebas.<br \/>\n<\/span><\/h3>\n<\/li>\n<li>\n<h3><span class=\"datetime \">2015<\/span> <span class=\"date-descr\">Nuevo sistema ERP. Sistemas de detecci\u00f3n por web instalados en dos m\u00e1quinas.<\/span><\/h3>\n<\/li>\n<li>\n<h3><span class=\"datetime \">2016<\/span> <span class=\"date-descr\">Adquisici\u00f3n en Asia que refuerza la posici\u00f3n global de Itasa.<br \/>\nExtensi\u00f3n de la gama de productos a los liners de film.<br \/>\nMagnum Capital adquiere una participaci\u00f3n mayoritaria de Itasa. La transacci\u00f3n supone una firme validaci\u00f3n del plan de crecimiento de Itasa.<br \/>\n<\/span><\/h3>\n<\/li>\n<li>\n<h3><span class=\"datetime \">2018<\/span> <span class=\"date-descr\">Nuevas instalaciones de producci\u00f3n en Quer\u00e9taro (M\u00e9xico).<\/span><\/h3>\n<\/li>\n<li>\n<h3><span class=\"datetime \">2021<\/span> <span class=\"date-descr\">Itasa es adquirida por Neenah Inc., un fabricante l\u00edder mundial de materiales especiales que atiende a clientes en seis continentes, con sede en Alpharetta, GA, EE. UU.<\/span><\/h3>\n<\/li>\n<li>\n<h3><span class=\"datetime \">2022<\/span> <span class=\"date-descr\">Tras la fusi\u00f3n entre Neenah Inc. y Schweitzer-Mauduit International, Inc., Itasa pasa a formar parte de Mativ, l\u00edder global de materiales especiales presente en 4 continentes, con sede en Alpharetta, GA, EE.UU.<\/span><\/h3>\n<\/li>\n<li>\n<h3><span class=\"datetime \">2023<\/span> <span class=\"date-descr\">La instalaci\u00f3n de M\u00e9xico duplica su capacidad de producci\u00f3n con una l\u00ednea de siliconado y dos cortadoras.<\/span><\/h3>\n<\/li>\n<li>\n<h3><span class=\"datetime \">2024<\/span> <span class=\"date-descr\">50 aniversario empresarial.<\/span><\/h3>\n<\/li>\n<\/ul>\n<\/div>\n<\/div>\n<\/div>\n<p>&nbsp;<\/p>\n<div class=\"row no-gutters py-5 justify-content-center\">\n<div class=\"col-12 col-md-6 col-lg-6 offset-lg-1 world px-3 px-lg-0\">\n<div class=\"contenido\">\n<h3 class=\"py-3\" style=\"color: black;\">ITASA.<br \/>\nDONDE SE DESVELA EL FUTURO.<\/h3>\n<p>&nbsp;<\/p>\n<p>El legado de Itasa es de crecimiento y transformaci\u00f3n continuos. La visi\u00f3n de las familias Arocena y Pagola, gracias al esfuerzo de estos cincuenta a\u00f1os, se ha convertido en la actual empresa de referencia en el sector: l\u00edder global especializado en el dise\u00f1o, el desarrollo y la fabricaci\u00f3n de release liners de alto valor a\u00f1adido. Hoy, celebramos un hito memorable: <strong>nuestro 50 aniversario<\/strong> &#8211; con nuestra m\u00e1s profunda gratitud a todos aquellos que han sido parte de nuestra trayectoria durante cinco d\u00e9cadas y con un compromiso inquebrantable hacia un futuro que contin\u00faa evolucionando.<\/p>\n<p>Itasa es ese espacio donde avanzar con los tiempos, el lugar donde explorar posibilidades y crear el futuro. Un futuro que construimos mediante la innovaci\u00f3n y la colaboraci\u00f3n, con el esfuerzo dedicado y el conocimiento experto de 300 personas apasionadas. Guiados, todos nosotros y nosotras, por nuestro compromiso: <strong>crear el legado del ma\u00f1ana hoy<\/strong>.<\/p>\n<p>Una vez m\u00e1s, nos vemos inmersos en un remolino de cambios y de evoluci\u00f3n, de crecimiento y de adaptaci\u00f3n. Nuestra presencia global contin\u00faa expandi\u00e9ndose, nuestras tecnolog\u00edas siguen progresando y nuestro compromiso con la innovaci\u00f3n es m\u00e1s s\u00f3lido que nunca. <strong>Nos enorgullece nuestra exclusiva gama de soluciones potenciadas en cada fibra, concebidas para la excelencia y arraigadas en la sostenibilidad<\/strong>.<\/p>\n<p>Itasa simboliza cincuenta a\u00f1os comprometidos con la excelencia y con la b\u00fasqueda incansable de soluciones innovadoras. Integrados en Mativ, l\u00edder global en materiales especiales, estamos preparados para alcanzar nuevos horizontes en los pr\u00f3ximos a\u00f1os. <strong>Te invitamos a unirte a nosotros en este viaje. Iniciemos juntos los pr\u00f3ximos 50 a\u00f1os de innovaci\u00f3n, colaboraci\u00f3n y progreso inigualables. Lo mejor est\u00e1 por venir.<\/strong><\/p>\n<p>Itasa. Donde se desvela el futuro.<\/p>\n<\/div>\n<\/div>\n<div class=\"col-12 col-md-6 col-lg-4\"><img decoding=\"async\" class=\"img-fluid argazkia bertikala\" style=\"object-fit: contain;\" src=\"https:\/\/www.itasa.es\/wp-content\/uploads\/2024\/02\/POST_ITASA_1080x1080_PRUEBA_imagenes_converted.jpg\" \/><\/div>\n<\/div>\n<div class=\"row no-gutters py-3\">\n<div class=\"col-12 col-lg-6 offset-lg-3 px-3 px-lg-0\">\n<h2 id=\"C\u00f3digo \u00e9tico\" class=\"text-center\"><\/h2>\n<p class=\"text-center\"><p class=\"text-center\"><a class=\"btn btn-primary btn-lg\" href=\"https:\/\/www.itasa.es\/es\/\/download\/1453\/?tmstv=1776852352\" rel=\"nofollow\">Descargar: C\u00f3digo de conducta <i class=\"fa fa-chevron-down ml-3\"><\/i><\/a><\/p><\/p>\n<p class=\"text-center\"><a class=\"btn btn-primary btn-lg\" href=\"https:\/\/mativ.com\/supplier-code-conduct\/\" target=\"_blank\" rel=\"noopener\">C\u00f3digo de conducta para proveedores<\/a><\/p>\n<div class=\"col-12 col-lg-6 offset-lg-3 px-3 px-lg-0\"><\/div>\n<\/div>\n<\/div>\n<\/div>\n<\/section>\n<p><!-- #content --><\/p>\n","protected":false},"excerpt":{"rendered":"<p>&nbsp; Nuestra empresa ITASA Desde 1974, en Itasa nos dedicamos a la fabricaci\u00f3n de release liners de alta calidad, orientados a una amplia variedad de aplicaciones y sectores. En la actualidad se nos considera una referencia global en el mercado de soportes siliconados. Nuestro \u00e9xito es consecuencia de una inversi\u00f3n constante para reforzar nuestra presencia [&hellip;]<\/p>\n","protected":false},"author":1,"featured_media":1815,"parent":0,"menu_order":0,"comment_status":"closed","ping_status":"closed","template":"template-about.php","meta":{"_mi_skip_tracking":false,"_monsterinsights_sitenote_active":false,"_monsterinsights_sitenote_note":"","_monsterinsights_sitenote_category":0,"footnotes":""},"acf":[],"yoast_head":"<!-- This site is optimized with the Yoast SEO plugin v21.4 - https:\/\/yoast.com\/wordpress\/plugins\/seo\/ -->\n<title>ITASA, en el mercado de release liners<\/title>\n<meta name=\"description\" content=\"En Itasa nos dedicamos a la fabricaci\u00f3n de release liners de alta calidad, orientados a una amplia variedad de aplicaciones y sectores.\" \/>\n<meta name=\"robots\" content=\"index, follow, max-snippet:-1, max-image-preview:large, max-video-preview:-1\" \/>\n<link rel=\"canonical\" href=\"https:\/\/www.itasa.es\/es\/sobre-itasa\/\" \/>\n<meta property=\"og:locale\" content=\"es_ES\" \/>\n<meta property=\"og:type\" content=\"article\" \/>\n<meta property=\"og:title\" content=\"ITASA, en el mercado de release liners\" \/>\n<meta property=\"og:description\" content=\"En Itasa nos dedicamos a la fabricaci\u00f3n de release liners de alta calidad, orientados a una amplia variedad de aplicaciones y sectores.\" \/>\n<meta property=\"og:url\" content=\"https:\/\/www.itasa.es\/es\/sobre-itasa\/\" \/>\n<meta property=\"og:site_name\" content=\"Itasa\" \/>\n<meta property=\"article:modified_time\" content=\"2024-05-08T12:53:41+00:00\" \/>\n<meta property=\"og:image\" content=\"https:\/\/www.itasa.es\/wp-content\/uploads\/2022\/04\/itasa-our-business-about.jpg\" \/>\n\t<meta property=\"og:image:width\" content=\"1900\" \/>\n\t<meta property=\"og:image:height\" content=\"1265\" \/>\n\t<meta property=\"og:image:type\" content=\"image\/jpeg\" \/>\n<meta name=\"twitter:card\" content=\"summary_large_image\" \/>\n<meta name=\"twitter:label1\" content=\"Tiempo de lectura\" \/>\n\t<meta name=\"twitter:data1\" content=\"5 minutos\" \/>\n<script type=\"application\/ld+json\" class=\"yoast-schema-graph\">{\"@context\":\"https:\/\/schema.org\",\"@graph\":[{\"@type\":\"WebPage\",\"@id\":\"https:\/\/www.itasa.es\/es\/sobre-itasa\/\",\"url\":\"https:\/\/www.itasa.es\/es\/sobre-itasa\/\",\"name\":\"ITASA, en el mercado de release liners\",\"isPartOf\":{\"@id\":\"https:\/\/www.itasa.es\/es\/#website\"},\"datePublished\":\"2020-04-08T11:27:21+00:00\",\"dateModified\":\"2024-05-08T12:53:41+00:00\",\"description\":\"En Itasa nos dedicamos a la fabricaci\u00f3n de release liners de alta calidad, orientados a una amplia variedad de aplicaciones y sectores.\",\"breadcrumb\":{\"@id\":\"https:\/\/www.itasa.es\/es\/sobre-itasa\/#breadcrumb\"},\"inLanguage\":\"es\",\"potentialAction\":[{\"@type\":\"ReadAction\",\"target\":[\"https:\/\/www.itasa.es\/es\/sobre-itasa\/\"]}]},{\"@type\":\"BreadcrumbList\",\"@id\":\"https:\/\/www.itasa.es\/es\/sobre-itasa\/#breadcrumb\",\"itemListElement\":[{\"@type\":\"ListItem\",\"position\":1,\"name\":\"Home\",\"item\":\"https:\/\/www.itasa.es\/es\/\"},{\"@type\":\"ListItem\",\"position\":2,\"name\":\"Sobre ITASA\"}]},{\"@type\":\"WebSite\",\"@id\":\"https:\/\/www.itasa.es\/es\/#website\",\"url\":\"https:\/\/www.itasa.es\/es\/\",\"name\":\"Itasa\",\"description\":\"50 a\u00f1os fabricando papel y film siliconados de la mayor calidad.\",\"publisher\":{\"@id\":\"https:\/\/www.itasa.es\/es\/#organization\"},\"potentialAction\":[{\"@type\":\"SearchAction\",\"target\":{\"@type\":\"EntryPoint\",\"urlTemplate\":\"https:\/\/www.itasa.es\/es\/?s={search_term_string}\"},\"query-input\":\"required name=search_term_string\"}],\"inLanguage\":\"es\"},{\"@type\":\"Organization\",\"@id\":\"https:\/\/www.itasa.es\/es\/#organization\",\"name\":\"ITASA\",\"url\":\"https:\/\/www.itasa.es\/es\/\",\"logo\":{\"@type\":\"ImageObject\",\"inLanguage\":\"es\",\"@id\":\"https:\/\/www.itasa.es\/es\/#\/schema\/logo\/image\/\",\"url\":\"https:\/\/www.itasa.es\/wp-content\/uploads\/2020\/04\/logo-itasa-e1617715626128.png\",\"contentUrl\":\"https:\/\/www.itasa.es\/wp-content\/uploads\/2020\/04\/logo-itasa-e1617715626128.png\",\"width\":729,\"height\":222,\"caption\":\"ITASA\"},\"image\":{\"@id\":\"https:\/\/www.itasa.es\/es\/#\/schema\/logo\/image\/\"},\"sameAs\":[\"https:\/\/www.linkedin.com\/company\/itasa\"]}]}<\/script>\n<!-- \/ Yoast SEO plugin. -->","yoast_head_json":{"title":"ITASA, en el mercado de release liners","description":"En Itasa nos dedicamos a la fabricaci\u00f3n de release liners de alta calidad, orientados a una amplia variedad de aplicaciones y sectores.","robots":{"index":"index","follow":"follow","max-snippet":"max-snippet:-1","max-image-preview":"max-image-preview:large","max-video-preview":"max-video-preview:-1"},"canonical":"https:\/\/www.itasa.es\/es\/sobre-itasa\/","og_locale":"es_ES","og_type":"article","og_title":"ITASA, en el mercado de release liners","og_description":"En Itasa nos dedicamos a la fabricaci\u00f3n de release liners de alta calidad, orientados a una amplia variedad de aplicaciones y sectores.","og_url":"https:\/\/www.itasa.es\/es\/sobre-itasa\/","og_site_name":"Itasa","article_modified_time":"2024-05-08T12:53:41+00:00","og_image":[{"width":1900,"height":1265,"url":"https:\/\/www.itasa.es\/wp-content\/uploads\/2022\/04\/itasa-our-business-about.jpg","type":"image\/jpeg"}],"twitter_card":"summary_large_image","twitter_misc":{"Tiempo de lectura":"5 minutos"},"schema":{"@context":"https:\/\/schema.org","@graph":[{"@type":"WebPage","@id":"https:\/\/www.itasa.es\/es\/sobre-itasa\/","url":"https:\/\/www.itasa.es\/es\/sobre-itasa\/","name":"ITASA, en el mercado de release liners","isPartOf":{"@id":"https:\/\/www.itasa.es\/es\/#website"},"datePublished":"2020-04-08T11:27:21+00:00","dateModified":"2024-05-08T12:53:41+00:00","description":"En Itasa nos dedicamos a la fabricaci\u00f3n de release liners de alta calidad, orientados a una amplia variedad de aplicaciones y sectores.","breadcrumb":{"@id":"https:\/\/www.itasa.es\/es\/sobre-itasa\/#breadcrumb"},"inLanguage":"es","potentialAction":[{"@type":"ReadAction","target":["https:\/\/www.itasa.es\/es\/sobre-itasa\/"]}]},{"@type":"BreadcrumbList","@id":"https:\/\/www.itasa.es\/es\/sobre-itasa\/#breadcrumb","itemListElement":[{"@type":"ListItem","position":1,"name":"Home","item":"https:\/\/www.itasa.es\/es\/"},{"@type":"ListItem","position":2,"name":"Sobre ITASA"}]},{"@type":"WebSite","@id":"https:\/\/www.itasa.es\/es\/#website","url":"https:\/\/www.itasa.es\/es\/","name":"Itasa","description":"50 a\u00f1os fabricando papel y film siliconados de la mayor calidad.","publisher":{"@id":"https:\/\/www.itasa.es\/es\/#organization"},"potentialAction":[{"@type":"SearchAction","target":{"@type":"EntryPoint","urlTemplate":"https:\/\/www.itasa.es\/es\/?s={search_term_string}"},"query-input":"required name=search_term_string"}],"inLanguage":"es"},{"@type":"Organization","@id":"https:\/\/www.itasa.es\/es\/#organization","name":"ITASA","url":"https:\/\/www.itasa.es\/es\/","logo":{"@type":"ImageObject","inLanguage":"es","@id":"https:\/\/www.itasa.es\/es\/#\/schema\/logo\/image\/","url":"https:\/\/www.itasa.es\/wp-content\/uploads\/2020\/04\/logo-itasa-e1617715626128.png","contentUrl":"https:\/\/www.itasa.es\/wp-content\/uploads\/2020\/04\/logo-itasa-e1617715626128.png","width":729,"height":222,"caption":"ITASA"},"image":{"@id":"https:\/\/www.itasa.es\/es\/#\/schema\/logo\/image\/"},"sameAs":["https:\/\/www.linkedin.com\/company\/itasa"]}]}},"_links":{"self":[{"href":"https:\/\/www.itasa.es\/es\/wp-json\/wp\/v2\/pages\/583"}],"collection":[{"href":"https:\/\/www.itasa.es\/es\/wp-json\/wp\/v2\/pages"}],"about":[{"href":"https:\/\/www.itasa.es\/es\/wp-json\/wp\/v2\/types\/page"}],"author":[{"embeddable":true,"href":"https:\/\/www.itasa.es\/es\/wp-json\/wp\/v2\/users\/1"}],"replies":[{"embeddable":true,"href":"https:\/\/www.itasa.es\/es\/wp-json\/wp\/v2\/comments?post=583"}],"version-history":[{"count":48,"href":"https:\/\/www.itasa.es\/es\/wp-json\/wp\/v2\/pages\/583\/revisions"}],"predecessor-version":[{"id":3003,"href":"https:\/\/www.itasa.es\/es\/wp-json\/wp\/v2\/pages\/583\/revisions\/3003"}],"wp:featuredmedia":[{"embeddable":true,"href":"https:\/\/www.itasa.es\/es\/wp-json\/wp\/v2\/media\/1815"}],"wp:attachment":[{"href":"https:\/\/www.itasa.es\/es\/wp-json\/wp\/v2\/media?parent=583"}],"curies":[{"name":"wp","href":"https:\/\/api.w.org\/{rel}","templated":true}]}}