{"id":3628,"date":"2026-01-13T11:07:47","date_gmt":"2026-01-13T10:07:47","guid":{"rendered":"https:\/\/www.itasa.es\/?page_id=3628"},"modified":"2026-01-13T11:08:43","modified_gmt":"2026-01-13T10:08:43","slug":"terminos-condiciones-venta","status":"publish","type":"page","link":"https:\/\/www.itasa.es\/es\/terminos-condiciones-venta\/","title":{"rendered":"T\u00e9rminos y condiciones de venta"},"content":{"rendered":"<p>Industrias de Transformacion de Andoain, S.A.U.<br \/>\nT\u00c9RMINOS Y CONDICIONES DE VENTA que rigen cualquier pedido,<br \/>\nincorporados por referencia y disponibles en l\u00ednea en:<br \/>\nwww.itasa.es\/terminos-condiciones-venta<\/p>\n<p><strong>1. INTRODUCCI\u00d3N<\/strong><br \/>\nEstas Condiciones se aplican a todos los contratos de venta de bienes o servicios de Industrias de Transformaci\u00f3n de Andoain, S.A.U. (en adelante, el \u201cVendedor\u201d). Al cursar un pedido al Vendedor, la empresa compradora (en adelante, el \u201cComprador\u201d o el \u201cCliente\u201d) acepta tratar con el Vendedor con arreglo a estas Condiciones con exclusi\u00f3n de cualesquiera otros t\u00e9rminos, condiciones, garant\u00edas o manifestaciones.<\/p>\n<p><strong>2. CONTRATOS<\/strong><br \/>\n2.1 Cada contrato de compraventa de Bienes con el Vendedor est\u00e1 sujeto a estas Condiciones. No existir\u00e1 contrato de compraventa entre el Vendedor y el Comprador (el \u201cContrato\u201d) hasta que el Vendedor lo acepte por escrito o, a falta de dicha aceptaci\u00f3n escrita, entregue los Bienes. \u201cBienes\u201d significa aquellos bienes \u2014incluidas materias primas, componentes y productos terminados\u2014 que el Vendedor suministre al Comprador de conformidad con estas Condiciones, seg\u00fan se especifique adem\u00e1s en el presente documento, en cualquier pedido de compra pertinente o en cualquier modificaci\u00f3n del mismo debidamente firmada por el Comprador y el Vendedor (el \u201cPedido\u201d).<\/p>\n<p>2.2 No se aceptar\u00e1n modificaciones ni adiciones a estas Condiciones o a cualquier Contrato, y ning\u00fan Pedido, una vez cursado, podr\u00e1 cancelarse, aplazarse o modificarse sin el consentimiento por escrito del Vendedor.<\/p>\n<p>2.3 Estas Condiciones prevalecen y sustituyen a cualquier otro t\u00e9rmino o condici\u00f3n que emane del Comprador o al que el Comprador se remita.<\/p>\n<p>2.4 El Comprador facilitar\u00e1 al Vendedor un Pedido para cada entrega de Bienes requerida. El Pedido especificar\u00e1 el tipo y la cantidad de Bienes, la direcci\u00f3n de entrega, los detalles de los requisitos t\u00e9cnicos del Comprador (\u201cEspecificaci\u00f3n del Comprador\u201d), en su caso, y cualquier otra informaci\u00f3n requerida por el Vendedor peri\u00f3dicamente.<\/p>\n<p><strong>3. SUPPLY OF GOODS<\/strong><br \/>\n3.1 Los Bienes se describen en la especificaci\u00f3n y\/o descripci\u00f3n t\u00e9cnica del Vendedor (la \u201cEspecificaci\u00f3n\u201d).<\/p>\n<p>3.2 Si el Vendedor acepta que los Bienes se fabriquen conforme a la Especificaci\u00f3n del Comprador, el Vendedor emplear\u00e1 esfuerzos razonables para ajustarse a dicha Especificaci\u00f3n, pero no acepta responsabilidad por la idoneidad o adecuaci\u00f3n a un fin concreto de la Especificaci\u00f3n del Comprador, la cual se considerar\u00e1 \u00fanicamente orientativa.<\/p>\n<p>3.3 El Vendedor se reserva el derecho, a su entera discreci\u00f3n, de introducir cualquier cambio en la Especificaci\u00f3n de los Bienes que sea necesario para cumplir con cualesquiera requisitos de seguridad u otros aplicables, siempre que no afecte de forma sustancial a su calidad o rendimiento.<\/p>\n<p><strong>4. PRECIO Y PAGO<br \/>\n<\/strong>4.1 El precio de los Bienes ser\u00e1 el indicado en el Contrato o, si no se especifica, el precio presupuestado por el Vendedor o, si no se especifica y no se ha presupuestado precio, el precio recogido en la lista de precios vigente del Vendedor en la fecha del Contrato o en la oferta vinculante.<\/p>\n<p>4.2 El Vendedor podr\u00e1 incrementar el precio de los Bienes sin previo aviso al Comprador en caso de cualquier aumento de costes, y en particular de costes de fabricaci\u00f3n y\/o de materias primas, mano de obra, aranceles, etc. El Comprador pagar\u00e1 el precio incrementado que estipule el Vendedor.<\/p>\n<p>4.3 Los t\u00e9rminos de pago especificados en el Contrato deber\u00e1n cumplirse estricta y puntualmente. El plazo de pago es esencial para el Contrato, y su cumplimiento es una condici\u00f3n previa para que el Comprador pueda reclamar o solicitar alg\u00fan tipo de soluci\u00f3n al Vendedor en virtud del Contrato.<\/p>\n<p>4.4 Salvo que se indique lo contrario en el propio documento, bajo los t\u00e9rminos de cualquier oferta o en cualquier lista de precios del Vendedor, todos los precios se cotizan en base EXW\/en f\u00e1brica, por lo que el Comprador asumir\u00e1 \u00edntegramente los costes de transporte, embalaje y seguro, junto con cualquier gasto adicional, tasas de licencia o derechos pagados o devengados por el Vendedor como resultado de la entrega de los Bienes. Si no se indican condiciones relativas a los gastos de transporte que se cargar\u00e1n al Comprador, dichos gastos se facturar\u00e1n seg\u00fan el tipo vigente del Vendedor en el momento del env\u00edo.<\/p>\n<p>4.5 El precio no incluye ning\u00fan impuesto \u2014impuestos sobre ventas, consumos o cualesquiera otros\u2014 que puedan gravar la operaci\u00f3n por parte de autoridades gubernamentales, estatales o divisiones pol\u00edticas (\u201cImpuestos sobre Ventas\u201d), que el Comprador abonar\u00e1 adicionalmente al Vendedor.<\/p>\n<p>4.6 El Comprador efectuar\u00e1 el pago de todas las facturas del Vendedor en su totalidad y sin compensaci\u00f3n ni deducci\u00f3n alguna (ya sea en relaci\u00f3n con dicha factura o de otro modo), mediante el m\u00e9todo, en el momento y en la divisa indicados en la propia factura.<\/p>\n<p>4.7 Si el Vendedor no recibe el pago \u00edntegro del Comprador conforme a la Cl\u00e1usula 4.7, entonces, sin perjuicio de sus derechos en virtud de las presentes Condiciones, del derecho com\u00fan o de la ley, el Vendedor tendr\u00e1 derecho a:<\/p>\n<p>4.7.1 demandar al Comprador por el total pendiente; y\/o<\/p>\n<p>4.7.2 cargar intereses (tanto antes como despu\u00e9s de cualquier sentencia) al tipo m\u00e1ximo permitido por la ley; y\/o<\/p>\n<p>4.7.3 reclamar todos los costes, cargos y gastos en los que se haya incurrido para recuperar cualquier deuda debida por el Comprador, a abonar por \u00e9ste con indemnizaci\u00f3n \u00edntegra; y\/o<\/p>\n<p>4.7.4 suspender cualquier entrega futura al amparo de estas Condiciones hasta el pago \u00edntegro; y\/o<\/p>\n<p>4.7.5 declarar resuelto el Contrato de inmediato mediante notificaci\u00f3n escrita; y\/o<\/p>\n<p>4.7.6 exigir la devoluci\u00f3n inmediata de todos los Bienes cuya propiedad no haya pasado al Comprador conforme a la<br \/>\nCl\u00e1usula 8.<\/p>\n<p>4.8 Asimismo, el Comprador reembolsar\u00e1 al Vendedor, a requerimiento, los costes o gastos de recuperaci\u00f3n de dichos<br \/>\nBienes.<\/p>\n<p><strong>5. ENTREGA<\/strong><br \/>\nLa entrega se realizar\u00e1 EXW\/en f\u00e1brica salvo que se indique lo contrario en el acuse de pedido y\/o la factura. Y en la oferta vinculante<\/p>\n<p>5.2 El Vendedor podr\u00e1 realizar entregas parciales de los Bienes, que se considerar\u00e1n Contratos independientes; cualquier incumplimiento del Vendedor respecto a una entrega parcial no facultar\u00e1 al Comprador para cancelar otras entregas ni para dar por resuelto el Contrato en su conjunto.<\/p>\n<p>5.3 Las fechas de entrega son orientativas y, aunque se realizar\u00e1n esfuerzos razonables para evitar retrasos, el Vendedor no se hace responsable de las p\u00e9rdidas, costes o gastos \u2014directos o indirectos\u2014 derivados de ellos.<\/p>\n<p>5.4 El tiempo perdido por huelgas, interrupciones el\u00e9ctricas, caso fortuito o fuerza mayor, actuaciones u \u00f3rdenes gubernamentales, guerra o emergencia nacional, actos de terrorismo, embargos, bloqueos, condiciones meteorol\u00f3gicas adversas, enfermedades, accidentes o aver\u00edas de planta, escasez de mano de obra, protestas, disturbios, conmoci\u00f3n civil, incendio, explosi\u00f3n, inundaci\u00f3n, epidemia, cierres patronales, huelgas u otros conflictos laborales (relacionados o no con la plantilla de cualquiera de las partes), restricciones o demoras en el transporte, o incapacidad o retrasos en la obtenci\u00f3n de materiales adecuados, o cualquier otro evento fuera del control del Vendedor, se a\u00f1adir\u00e1 al plazo de entrega especificado en el Contrato.<\/p>\n<p>5.5 La falta de una entrega no invalidar\u00e1 el Contrato respecto de las posteriores.<\/p>\n<p>5.6 El Comprador se compromete a aceptar la entrega cuando el Vendedor le notifique que los Bienes pueden entregarse y, si el Comprador indica al Vendedor que los retenga despu\u00e9s de esa fecha, abonar\u00e1 el precio de compra \u00edntegro conforme a la Cl\u00e1usula 4 y, adem\u00e1s, el cargo por almacenaje que el Vendedor considere apropiado; los Bienes se almacenar\u00e1n por cuenta y riesgo del Comprador.<\/p>\n<p>5.7 El Comprador no tendr\u00e1 derecho a rechazar los Bienes si el Vendedor entrega hasta un 10% m\u00e1s o menos de la cantidad pedida.<\/p>\n<p>5.8 Los Bienes entregados al Comprador conforme al Contrato podr\u00e1n, a discreci\u00f3n exclusiva del Vendedor, ser aceptados para devoluci\u00f3n si se notifica dicha devoluci\u00f3n al Vendedor en un plazo de 30 d\u00edas desde la entrega. El Comprador abonar\u00e1 el 50% del precio facturado m\u00e1s los Impuestos sobre Ventas aplicables, los costes de embalaje, los cargos por reposici\u00f3n y los costes de transporte al Comprador (en su caso). Los costes de retorno al Vendedor correr\u00e1n por cuenta del Comprador.<\/p>\n<p><strong>6. NOTIFICACI\u00d3N DE P\u00c9RDIDA O NO ENTREGA DE BIENES<br \/>\n<\/strong>6.1 El Comprador notificar\u00e1 por escrito al Vendedor:<\/p>\n<p>6.1.1 en caso de faltas, p\u00e9rdidas parciales, da\u00f1os o defectos razonablemente apreciables mediante inspecci\u00f3n, o de entrega parcial, en un plazo de tres (3) d\u00edas desde la fecha de entrega; y\/o<\/p>\n<p>6.1.2 en caso de no entrega de la totalidad del env\u00edo, en un plazo de los catorce (14) d\u00edas desde la fecha de expedici\u00f3n.<\/p>\n<p>6.2 Recibida una notificaci\u00f3n conforme al apartado 6.1, el Vendedor se reserva el derecho, a exclusiva discreci\u00f3n, de sustituir los productos por otros que cumplan la Especificaci\u00f3n de los Bienes presuntamente entregados parcialmente, da\u00f1ados o defectuosos cuando tal defecto sea razonablemente apreciable mediante inspecci\u00f3n.<\/p>\n<p>6.3 Si el Vendedor no recibe la notificaci\u00f3n en los t\u00e9rminos indicados en el apartado 6.1, se considerar\u00e1 que el Comprador<br \/>\nha aceptado los Bienes, sin derecho a reclamaci\u00f3n por faltas, p\u00e9rdidas parciales, da\u00f1os, defectos apreciables mediante<br \/>\ninspecci\u00f3n o falta de entrega de cualquier parte separada del env\u00edo.<\/p>\n<p><strong>7. CANCELACI\u00d3N<\/strong><br \/>\n7.1 El Vendedor se reserva el derecho a cancelar cualquier Pedido antes de que los Bienes incluidos en el mismo se entreguen al Comprador, sin necesidad de alegar causa alguna.<\/p>\n<p>7.2 Sin perjuicio de lo anterior, el Vendedor podr\u00e1 cancelar cualquier entrega o entrega futura si el Comprador incumple los pagos, vulnera estas Condiciones, es objeto de procedimientos de insolvencia o concurso, o, en caso de sociedad limitada, designa un administrador, s\u00edndico, administrador concursal o entra en liquidaci\u00f3n (salvo por fusi\u00f3n o reestructuraci\u00f3n interna).<\/p>\n<p>7.3 El Vendedor no est\u00e1 obligado a aceptar solicitudes del Comprador para modificar o cancelar un Pedido una vez cursado. Cualquier solicitud deber\u00e1 presentarse por escrito y solo ser\u00e1 efectiva si el Vendedor la acepta expresamente por escrito. La aprobaci\u00f3n podr\u00e1 condicionarse, entre otros, al pago por parte del Comprador de todos los costes o tasas en los que haya incurrido el Vendedor a ra\u00edz del cambio o cancelaci\u00f3n. No se permitir\u00e1n modificaciones ni cancelaciones dentro de las seis (6) semanas previas a la fecha de entrega acordada.<\/p>\n<p><strong>8. PROPIEDAD Y RIESGO<\/strong><br \/>\n8.1 El riesgo de da\u00f1o o p\u00e9rdida de los Bienes se transmitir\u00e1 al Comprador en el momento de la entrega, la fecha notificada al Comprador en la que los Bienes estaban disponibles para su recogida, o la fecha en que el Vendedor intent\u00f3 la entrega.<\/p>\n<p>8.2 No obstante, la entrega y la transmisi\u00f3n del riesgo, la propiedad y el dominio de los Bienes no pasar\u00e1n al Comprador (y se retendr\u00e1n \u00edntegramente por el Vendedor) hasta que \u00e9ste haya recibido el pago \u00edntegro en efectivo o fondos disponibles del precio de los Bienes y de todas las dem\u00e1s cantidades que sean o lleguen a ser debidas por el Comprador al Vendedor por cualquier concepto.<\/p>\n<p>8.3 El Vendedor podr\u00e1 resolver el Contrato y retirar los Bienes si el precio no se paga \u00edntegramente en el plazo y la forma estipulados en la Cl\u00e1usula 4, y reclamar los da\u00f1os y perjuicios causados por el incumplimiento del Comprador; cualquier pago anticipado del precio podr\u00e1 retenerse y compensarse con tales da\u00f1os.<\/p>\n<p>8.4 Hasta que el t\u00edtulo pase al Comprador, \u00e9ste mantendr\u00e1 los Bienes como agente fiduciario del Vendedor, separados de sus propios bienes y de los de terceros, debidamente almacenados, protegidos, asegurados e identificados como propiedad del Vendedor. Hasta ese momento, el Comprador podr\u00e1 revender los Bienes en el curso ordinario de su negocio a precio de mercado, pero deber\u00e1 rendir cuentas al Vendedor por el producto de la venta \u2014incluidas las indemnizaciones del seguro\u2014, manteni\u00e9ndolo separado de su dinero o el de terceros.<\/p>\n<p>8.5 Hasta que el t\u00edtulo pase al Comprador, y siempre que los Bienes existan y no hayan sido vendidos, el Vendedor podr\u00e1 exigir en cualquier momento que el Comprador le devuelva los Bienes; si el Comprador no lo hiciera, el Vendedor podr\u00e1 acceder a las instalaciones donde se almacenen los Bienes, ya sea en las instalaciones del Comprador o de terceros, y recuperarlos.<\/p>\n<p><strong>9. EXCLUSI\u00d3N DE RESPONSABILIDAD<br \/>\n<\/strong>9.1 Dado que el Vendedor no controla los usos que se dar\u00e1n a los Bienes, el Comprador debe verificar por s\u00ed mismo su idoneidad para los fines pretendidos y basarse exclusivamente en sus propias pruebas y observaciones. SALVO LO PREVISTO EN LA CL\u00c1USULA 9.2, EL VENDEDOR NO OTORGA GARANT\u00cdAS, CONDICIONES,<br \/>\nGARANT\u00cdAS LEGALES NI MANIFESTACIONES RESPECTO DE LOS BIENES, SU COMERCIABILIDAD, CALIDAD SATISFACTORIA O ADECUACI\u00d3N A UN FIN CONCRETO; TODAS LAS DEM\u00c1S GARANT\u00cdAS O MANIFESTACIONES, EXPRESAS O IMPL\u00cdCITAS, ORALES O ESCRITAS, QUEDAN EXCLUIDAS.<\/p>\n<p>9.2 El Vendedor garantiza que los Bienes se ajustar\u00e1n en todos los aspectos materiales a la Especificaci\u00f3n del Vendedor en el momento de la entrega y estar\u00e1n libres de defectos de material y mano de obra durante ciento ochenta (180) d\u00edas desde la entrega, u otro periodo especificado por el Vendedor en el Contrato, con las siguientes salvedades:<\/p>\n<p>9.2.1 el Vendedor no ser\u00e1 responsable de defectos derivados de la Especificaci\u00f3n del Comprador;<\/p>\n<p>9.2.2 el Vendedor no ser\u00e1 responsable de defectos originados por desgaste normal, da\u00f1os intencionales o negligencia del Comprador o de los usuarios, condiciones de trabajo an\u00f3malas, incumplimiento de instrucciones del Vendedor (orales o escritas), uso indebido, alteraci\u00f3n o reparaci\u00f3n sin aprobaci\u00f3n del Vendedor;<\/p>\n<p>9.2.3 el Vendedor no ser\u00e1 responsable si el precio total no ha sido pagado en la fecha de vencimiento;<\/p>\n<p>9.2.4 el Vendedor no ser\u00e1 responsable de cualquier defecto o falta de conformidad que no haya sido notificado por escrito al Vendedor tan pronto como sea razonablemente posible tras su descubrimiento por parte del Comprador;<br \/>\ny<br \/>\n9.2.5 la garant\u00eda no se extiende a piezas, materiales o equipos no fabricados por el Vendedor.<\/p>\n<p>9.3 EN CASO DE UNA RECLAMACI\u00d3N V\u00c1LIDA CONFORME A LO DISPUESTO EN EL APARTADO<\/p>\n<p>9.2, EL VENDEDOR PODR\u00c1 SUSTITUIR O REPARAR LOS BIENES (O LA PARTE AFECTADA) SIN CARGO ALGUNO, O, A SU EXCLUSIVA DISCRECI\u00d3N, REEMBOLSAR AL COMPRADOR EL PRECIO DE LOS BIENES (O LA PARTE PROPORCIONAL CORRESPONDIENTE), SIN ASUMIR RESPONSABILIDAD ADICIONAL POR P\u00c9RDIDAS O DA\u00d1OS. EL VENDEDOR NO SER\u00c1 RESPONSABLE ANTE EL COMPRADOR POR P\u00c9RDIDAS ECON\u00d3MICAS, P\u00c9RDIDAS DE BENEFICIOS, P\u00c9RDIDAS DE NEGOCIO, MERMA DEL FONDO DE COMERCIO NI, EN GENERAL, POR DA\u00d1OS INDIRECTOS O CONSECUENCIALES, CUALQUIERA QUE SEA SU CAUSA Y QUE SE DERIVEN DEL CONTRATO.<\/p>\n<p>9.4 Nada de lo anterior excluye o limita la responsabilidad del Vendedor por fraude o declaraci\u00f3n fraudulenta, ni por muerte o lesiones personales derivadas de su negligencia o la de sus empleados, ni por cualquier asunto respecto del cual la ley no permita excluir ni limitar la responsabilidad.<\/p>\n<p><strong>10. INSTRUCCIONES Y SEGURIDAD Y SALUD<\/strong><br \/>\nEl Comprador cumplir\u00e1 estrictamente (y garantizar\u00e1 que sus empleados y agentes cumplan) todas las instrucciones, advertencias, fichas y dem\u00e1s documentaci\u00f3n (incluida, sin limitaci\u00f3n, la relativa a la seguridad y la salud) suministradas por el Vendedor con o en relaci\u00f3n con los Bienes, y cuando los suministre, se asegurar\u00e1 de que vayan acompa\u00f1ados de la misma documentaci\u00f3n.<\/p>\n<p><strong>11. DISPOSICIONES GENERALES<\/strong><br \/>\n11.1 En caso de controversia, las partes acuerdan primero negociar de buena fe, segundo mediar la disputa, y tercero, si la negociaci\u00f3n y la mediaci\u00f3n no prosperan, arbitrar la disputa. Cada parte asumir\u00e1 exclusivamente los costes en que incurra en la resoluci\u00f3n de la controversia.<\/p>\n<p>11.2 Toda la informaci\u00f3n confidencial relativa al negocio y los procesos del Vendedor que haya llegado o llegue a poder del Comprador en relaci\u00f3n con el Contrato ser tratada con secreto y confidencialidad por el Comprador, que no la divulgar\u00e1 a terceros sin el consentimiento previo y por escrito del Vendedor.<\/p>\n","protected":false},"excerpt":{"rendered":"<p>Industrias de Transformacion de Andoain, S.A.U. T\u00c9RMINOS Y CONDICIONES DE VENTA que rigen cualquier pedido, incorporados por referencia y disponibles en l\u00ednea en: www.itasa.es\/terminos-condiciones-venta 1. INTRODUCCI\u00d3N Estas Condiciones se aplican a todos los contratos de venta de bienes o servicios de Industrias de Transformaci\u00f3n de Andoain, S.A.U. (en adelante, el \u201cVendedor\u201d). Al cursar un pedido [&hellip;]<\/p>\n","protected":false},"author":4,"featured_media":0,"parent":0,"menu_order":0,"comment_status":"closed","ping_status":"closed","template":"","meta":{"_mi_skip_tracking":false,"_monsterinsights_sitenote_active":false,"_monsterinsights_sitenote_note":"","_monsterinsights_sitenote_category":0,"footnotes":""},"acf":[],"yoast_head":"<!-- This site is optimized with the Yoast SEO plugin v21.4 - https:\/\/yoast.com\/wordpress\/plugins\/seo\/ -->\n<title>T\u00e9rminos y condiciones de venta - Itasa<\/title>\n<meta name=\"robots\" content=\"index, follow, max-snippet:-1, max-image-preview:large, max-video-preview:-1\" \/>\n<link rel=\"canonical\" href=\"https:\/\/www.itasa.es\/es\/terminos-condiciones-venta\/\" \/>\n<meta property=\"og:locale\" content=\"es_ES\" \/>\n<meta property=\"og:type\" content=\"article\" \/>\n<meta property=\"og:title\" content=\"T\u00e9rminos y condiciones de venta - Itasa\" \/>\n<meta property=\"og:description\" content=\"Industrias de Transformacion de Andoain, S.A.U. T\u00c9RMINOS Y CONDICIONES DE VENTA que rigen cualquier pedido, incorporados por referencia y disponibles en l\u00ednea en: www.itasa.es\/terminos-condiciones-venta 1. INTRODUCCI\u00d3N Estas Condiciones se aplican a todos los contratos de venta de bienes o servicios de Industrias de Transformaci\u00f3n de Andoain, S.A.U. (en adelante, el \u201cVendedor\u201d). Al cursar un pedido [&hellip;]\" \/>\n<meta property=\"og:url\" content=\"https:\/\/www.itasa.es\/es\/terminos-condiciones-venta\/\" \/>\n<meta property=\"og:site_name\" content=\"Itasa\" \/>\n<meta property=\"article:modified_time\" content=\"2026-01-13T10:08:43+00:00\" \/>\n<meta name=\"twitter:card\" content=\"summary_large_image\" \/>\n<meta name=\"twitter:label1\" content=\"Tiempo de lectura\" \/>\n\t<meta name=\"twitter:data1\" content=\"12 minutos\" \/>\n<script type=\"application\/ld+json\" class=\"yoast-schema-graph\">{\"@context\":\"https:\/\/schema.org\",\"@graph\":[{\"@type\":\"WebPage\",\"@id\":\"https:\/\/www.itasa.es\/es\/terminos-condiciones-venta\/\",\"url\":\"https:\/\/www.itasa.es\/es\/terminos-condiciones-venta\/\",\"name\":\"T\u00e9rminos y condiciones de venta - Itasa\",\"isPartOf\":{\"@id\":\"https:\/\/www.itasa.es\/es\/#website\"},\"datePublished\":\"2026-01-13T10:07:47+00:00\",\"dateModified\":\"2026-01-13T10:08:43+00:00\",\"breadcrumb\":{\"@id\":\"https:\/\/www.itasa.es\/es\/terminos-condiciones-venta\/#breadcrumb\"},\"inLanguage\":\"es\",\"potentialAction\":[{\"@type\":\"ReadAction\",\"target\":[\"https:\/\/www.itasa.es\/es\/terminos-condiciones-venta\/\"]}]},{\"@type\":\"BreadcrumbList\",\"@id\":\"https:\/\/www.itasa.es\/es\/terminos-condiciones-venta\/#breadcrumb\",\"itemListElement\":[{\"@type\":\"ListItem\",\"position\":1,\"name\":\"Home\",\"item\":\"https:\/\/www.itasa.es\/es\/\"},{\"@type\":\"ListItem\",\"position\":2,\"name\":\"T\u00e9rminos y condiciones de venta\"}]},{\"@type\":\"WebSite\",\"@id\":\"https:\/\/www.itasa.es\/es\/#website\",\"url\":\"https:\/\/www.itasa.es\/es\/\",\"name\":\"Itasa\",\"description\":\"50 a\u00f1os fabricando papel y film siliconados de la mayor calidad.\",\"publisher\":{\"@id\":\"https:\/\/www.itasa.es\/es\/#organization\"},\"potentialAction\":[{\"@type\":\"SearchAction\",\"target\":{\"@type\":\"EntryPoint\",\"urlTemplate\":\"https:\/\/www.itasa.es\/es\/?s={search_term_string}\"},\"query-input\":\"required name=search_term_string\"}],\"inLanguage\":\"es\"},{\"@type\":\"Organization\",\"@id\":\"https:\/\/www.itasa.es\/es\/#organization\",\"name\":\"ITASA\",\"url\":\"https:\/\/www.itasa.es\/es\/\",\"logo\":{\"@type\":\"ImageObject\",\"inLanguage\":\"es\",\"@id\":\"https:\/\/www.itasa.es\/es\/#\/schema\/logo\/image\/\",\"url\":\"https:\/\/www.itasa.es\/wp-content\/uploads\/2020\/04\/logo-itasa-e1617715626128.png\",\"contentUrl\":\"https:\/\/www.itasa.es\/wp-content\/uploads\/2020\/04\/logo-itasa-e1617715626128.png\",\"width\":729,\"height\":222,\"caption\":\"ITASA\"},\"image\":{\"@id\":\"https:\/\/www.itasa.es\/es\/#\/schema\/logo\/image\/\"},\"sameAs\":[\"https:\/\/www.linkedin.com\/company\/itasa\"]}]}<\/script>\n<!-- \/ Yoast SEO plugin. -->","yoast_head_json":{"title":"T\u00e9rminos y condiciones de venta - Itasa","robots":{"index":"index","follow":"follow","max-snippet":"max-snippet:-1","max-image-preview":"max-image-preview:large","max-video-preview":"max-video-preview:-1"},"canonical":"https:\/\/www.itasa.es\/es\/terminos-condiciones-venta\/","og_locale":"es_ES","og_type":"article","og_title":"T\u00e9rminos y condiciones de venta - Itasa","og_description":"Industrias de Transformacion de Andoain, S.A.U. T\u00c9RMINOS Y CONDICIONES DE VENTA que rigen cualquier pedido, incorporados por referencia y disponibles en l\u00ednea en: www.itasa.es\/terminos-condiciones-venta 1. INTRODUCCI\u00d3N Estas Condiciones se aplican a todos los contratos de venta de bienes o servicios de Industrias de Transformaci\u00f3n de Andoain, S.A.U. (en adelante, el \u201cVendedor\u201d). Al cursar un pedido [&hellip;]","og_url":"https:\/\/www.itasa.es\/es\/terminos-condiciones-venta\/","og_site_name":"Itasa","article_modified_time":"2026-01-13T10:08:43+00:00","twitter_card":"summary_large_image","twitter_misc":{"Tiempo de lectura":"12 minutos"},"schema":{"@context":"https:\/\/schema.org","@graph":[{"@type":"WebPage","@id":"https:\/\/www.itasa.es\/es\/terminos-condiciones-venta\/","url":"https:\/\/www.itasa.es\/es\/terminos-condiciones-venta\/","name":"T\u00e9rminos y condiciones de venta - Itasa","isPartOf":{"@id":"https:\/\/www.itasa.es\/es\/#website"},"datePublished":"2026-01-13T10:07:47+00:00","dateModified":"2026-01-13T10:08:43+00:00","breadcrumb":{"@id":"https:\/\/www.itasa.es\/es\/terminos-condiciones-venta\/#breadcrumb"},"inLanguage":"es","potentialAction":[{"@type":"ReadAction","target":["https:\/\/www.itasa.es\/es\/terminos-condiciones-venta\/"]}]},{"@type":"BreadcrumbList","@id":"https:\/\/www.itasa.es\/es\/terminos-condiciones-venta\/#breadcrumb","itemListElement":[{"@type":"ListItem","position":1,"name":"Home","item":"https:\/\/www.itasa.es\/es\/"},{"@type":"ListItem","position":2,"name":"T\u00e9rminos y condiciones de venta"}]},{"@type":"WebSite","@id":"https:\/\/www.itasa.es\/es\/#website","url":"https:\/\/www.itasa.es\/es\/","name":"Itasa","description":"50 a\u00f1os fabricando papel y film siliconados de la mayor calidad.","publisher":{"@id":"https:\/\/www.itasa.es\/es\/#organization"},"potentialAction":[{"@type":"SearchAction","target":{"@type":"EntryPoint","urlTemplate":"https:\/\/www.itasa.es\/es\/?s={search_term_string}"},"query-input":"required name=search_term_string"}],"inLanguage":"es"},{"@type":"Organization","@id":"https:\/\/www.itasa.es\/es\/#organization","name":"ITASA","url":"https:\/\/www.itasa.es\/es\/","logo":{"@type":"ImageObject","inLanguage":"es","@id":"https:\/\/www.itasa.es\/es\/#\/schema\/logo\/image\/","url":"https:\/\/www.itasa.es\/wp-content\/uploads\/2020\/04\/logo-itasa-e1617715626128.png","contentUrl":"https:\/\/www.itasa.es\/wp-content\/uploads\/2020\/04\/logo-itasa-e1617715626128.png","width":729,"height":222,"caption":"ITASA"},"image":{"@id":"https:\/\/www.itasa.es\/es\/#\/schema\/logo\/image\/"},"sameAs":["https:\/\/www.linkedin.com\/company\/itasa"]}]}},"_links":{"self":[{"href":"https:\/\/www.itasa.es\/es\/wp-json\/wp\/v2\/pages\/3628"}],"collection":[{"href":"https:\/\/www.itasa.es\/es\/wp-json\/wp\/v2\/pages"}],"about":[{"href":"https:\/\/www.itasa.es\/es\/wp-json\/wp\/v2\/types\/page"}],"author":[{"embeddable":true,"href":"https:\/\/www.itasa.es\/es\/wp-json\/wp\/v2\/users\/4"}],"replies":[{"embeddable":true,"href":"https:\/\/www.itasa.es\/es\/wp-json\/wp\/v2\/comments?post=3628"}],"version-history":[{"count":3,"href":"https:\/\/www.itasa.es\/es\/wp-json\/wp\/v2\/pages\/3628\/revisions"}],"predecessor-version":[{"id":3631,"href":"https:\/\/www.itasa.es\/es\/wp-json\/wp\/v2\/pages\/3628\/revisions\/3631"}],"wp:attachment":[{"href":"https:\/\/www.itasa.es\/es\/wp-json\/wp\/v2\/media?parent=3628"}],"curies":[{"name":"wp","href":"https:\/\/api.w.org\/{rel}","templated":true}]}}