{"id":2794,"date":"2024-02-23T22:24:52","date_gmt":"2024-02-23T21:24:52","guid":{"rendered":"https:\/\/www.itasa.es\/?page_id=2794"},"modified":"2026-02-16T17:59:03","modified_gmt":"2026-02-16T16:59:03","slug":"is-sostenibilidad","status":"publish","type":"page","link":"https:\/\/www.itasa.es\/es\/is-sostenibilidad\/","title":{"rendered":"IS Sostenibilidad"},"content":{"rendered":"<p>&nbsp;<\/p>\n<h3>PRESENTAMOS IS<br \/>\nItasa y Sostenibilidad.<\/h3>\n<p>IS &#8211; el compromiso de Itasa con la Sostenibilidad. IS es mucho m\u00e1s que un nombre; es un s\u00edmbolo de innovaci\u00f3n, responsabilidad y evoluci\u00f3n hacia un futuro m\u00e1s verde. Representa nuestro empe\u00f1o en promover la responsabilidad ambiental en todos los aspectos de nuestras operaciones. IS personifica el esfuerzo conjunto de nuestro equipo, colaboradores y actores relevantes en nuestro camino hacia un impacto positivo en el planeta. Con IS, nos embarcamos en un viaje de desarrollo sostenible, fortaleciendo comunidades, salvaguardando los recursos naturales y esbozando un futuro m\u00e1s equilibrado para las generaciones venideras. Acomp\u00e1\u00f1anos en este prop\u00f3sito: convertir la sostenibilidad en algo m\u00e1s que un mero objetivo, conseguir que sea una realidad palpable, que iremos alcanzando paso a paso.<\/p>\n<h5>La sostenibilidad est\u00e1 integrada en todo lo que hacemos.<\/h5>\n<p>Nuestra dedicaci\u00f3n incansable al desarrollo sostenible se centra en tres pilares fundamentales: CO2e y energ\u00eda; fibra y agua; e inversiones e innovaci\u00f3n<\/p>\n<p>&nbsp;<\/p>\n<div class=\"\">\n<div class=\"row\">\n<div class=\"col-12 col-md-4 col-lg-4 px-lg-3\">\n<p><a href=\"https:\/\/www.itasa.es\/wp-content\/uploads\/2024\/02\/d-koi-5nI9N2wNcBU-unsplash@2x.jpg\"><img decoding=\"async\" loading=\"lazy\" class=\"alignnone wp-image-2746 size-full\" src=\"https:\/\/www.itasa.es\/wp-content\/uploads\/2024\/02\/d-koi-5nI9N2wNcBU-unsplash@2x.jpg\" alt=\"\" width=\"710\" height=\"472\" srcset=\"https:\/\/www.itasa.es\/wp-content\/uploads\/2024\/02\/d-koi-5nI9N2wNcBU-unsplash@2x.jpg 710w, https:\/\/www.itasa.es\/wp-content\/uploads\/2024\/02\/d-koi-5nI9N2wNcBU-unsplash@2x-300x199.jpg 300w\" sizes=\"(max-width: 710px) 100vw, 710px\" \/><\/a><\/p>\n<h4>CO2e y Eficiencia Energ\u00e9tica.<\/h4>\n<p>Hemos logrado avances significativos en nuestra b\u00fasqueda de la reducci\u00f3n del CO2e y de la eficiencia energ\u00e9tica. Desde 2022, nuestro proceso de producci\u00f3n se alimenta con electricidad 100% verde proveniente de fuentes de energ\u00eda renovables y sostenibles. Adem\u00e1s, la inversi\u00f3n de Mativ en una central el\u00e9ctrica de biomasa en Francia, que sustituye a los combustibles f\u00f3siles, demuestra nuestra firme dedicaci\u00f3n tanto a la reducci\u00f3n de nuestra huella de carbono como a la mejora de la sostenibilidad general.<\/p>\n<\/div>\n<div class=\"col-12 col-md-4 col-lg-4 px-lg-3\" style=\"padding-right: 10px;\">\n<p><a href=\"https:\/\/www.itasa.es\/wp-content\/uploads\/2024\/02\/filip-zrnzevic-QsWG0kjPQRY-unsplash@2x.jpg\"><img decoding=\"async\" loading=\"lazy\" class=\"alignnone wp-image-2748 size-full\" src=\"https:\/\/www.itasa.es\/wp-content\/uploads\/2024\/02\/filip-zrnzevic-QsWG0kjPQRY-unsplash@2x.jpg\" alt=\"\" width=\"710\" height=\"472\" srcset=\"https:\/\/www.itasa.es\/wp-content\/uploads\/2024\/02\/filip-zrnzevic-QsWG0kjPQRY-unsplash@2x.jpg 710w, https:\/\/www.itasa.es\/wp-content\/uploads\/2024\/02\/filip-zrnzevic-QsWG0kjPQRY-unsplash@2x-300x199.jpg 300w\" sizes=\"(max-width: 710px) 100vw, 710px\" \/><\/a><\/p>\n<h4>Sostenibilidad de Fibra y Agua.<\/h4>\n<p>La sostenibilidad de recursos como la fibra y el agua est\u00e1 en el centro de nuestras operaciones. Nuestros proveedores y colaboradores de confianza nos suministran papel procedente, en su totalidad, de bosques certificados y controlados. Participan de manera activa en programas de reforestaci\u00f3n y se involucran en iniciativas globales para la limpieza de aguas residuales. Desde Itasa, como miembros activos de CELAB, abogamos por una econom\u00eda circular y promovemos la repulpabilidad y reciclabilidad de nuestros release liners.<\/p>\n<\/div>\n<div class=\"col-12 col-md-4 col-lg-4 px-lg-3\" style=\"padding-right: 10px;\">\n<p><a href=\"https:\/\/www.itasa.es\/wp-content\/uploads\/2024\/02\/kevin-chin-qDbaQGEwPtI-unsplash@2x.jpg\"><img decoding=\"async\" loading=\"lazy\" class=\"alignnone wp-image-2750 size-full\" src=\"https:\/\/www.itasa.es\/wp-content\/uploads\/2024\/02\/kevin-chin-qDbaQGEwPtI-unsplash@2x.jpg\" alt=\"\" width=\"710\" height=\"472\" srcset=\"https:\/\/www.itasa.es\/wp-content\/uploads\/2024\/02\/kevin-chin-qDbaQGEwPtI-unsplash@2x.jpg 710w, https:\/\/www.itasa.es\/wp-content\/uploads\/2024\/02\/kevin-chin-qDbaQGEwPtI-unsplash@2x-300x199.jpg 300w\" sizes=\"(max-width: 710px) 100vw, 710px\" \/><\/a><\/p>\n<h4>Inversiones e Innovaci\u00f3n.<\/h4>\n<p>En Itasa, abogamos por generar cambios a trav\u00e9s de la innovaci\u00f3n, el progreso tecnol\u00f3gico y la implementaci\u00f3n de soluciones respetuosas con el medio ambiente. Nuestro esfuerzo en trazabilidad medioambiental garantiza que nuestro avance est\u00e9 respaldado por la ciencia y sea cuantificable, mientras que la tecnolog\u00eda innovadora de Itasa reduce el consumo de silicona sin comprometer la calidad.<\/p>\n<\/div>\n<\/div>\n<\/div>\n<p>S\u00famate a la vanguardia del desarrollo sostenible, a la reducci\u00f3n del uso de materias primas y la optimizaci\u00f3n del consumo energ\u00e9tico. Nuestro compromiso trasciende la sostenibilidad ambiental. Nos esforzamos por crear riqueza y empleo en beneficio de la sociedad, apoyando pol\u00edticas medioambientales responsables y con el reconocimiento de terceros mediante diversas certificaciones.<\/p>\n<p>&nbsp;<\/p>\n<div class=\"blokeak row\">\n<div class=\"col-12 col-md-8 offset-md-2\">\n<div class=\"box box-blokea gris\">\n<h3>Nuestro compromiso con la comunidad<\/h3>\n<p>Estamos comprometidos con el entorno y creemos en la creaci\u00f3n de riqueza y empleo para beneficiar a nuestra sociedad. Itasa centra sus esfuerzos en mejorar la situaci\u00f3n socioecon\u00f3mica de su entorno.<\/p>\n<\/div>\n<\/div>\n<div class=\"col-12 col-md-8 offset-md-2\">\n<div class=\"box box-blokea\">\n<h3>Apoyo a pol\u00edticas medioambientales responsables en beneficio de todos<\/h3>\n<p>Itasa cuenta con el reconocimiento de diversas certificaciones por su compromiso con la reducci\u00f3n del impacto medioambiental de nuestras actividades.<\/p>\n<p>Monitorizamos la calidad del aire en nuestros procesos, emisiones, ruido, manipulaci\u00f3n de sustancias qu\u00edmicas, etc. Nuestra gesti\u00f3n medioambiental est\u00e1 supervisada por los organismos autorizados. Creemos que nuestro compromiso con el medioambiente es una pr\u00e1ctica esencial que en \u00faltima instancia beneficia a nuestro entorno.<\/p>\n<ul>\n<li>Pol\u00edticas de calidad, medioambiente y SST [<a href=\"https:\/\/www.itasa.es\/wp-content\/uploads\/2025\/03\/Mativ_Quality_Policy_ES-1.pdf\" target=\"_blank\" rel=\"noopener noreferrer\">download<\/a>]<\/li>\n<li>Declaraci\u00f3n medioambiental [<a href=\"https:\/\/www.itasa.es\/wp-content\/uploads\/2020\/02\/Declaracion-medioambiental-INDUSTRIAS-DE-TRANSFORMACION-DE-ANDOAIN-firmado.pdf\" target=\"_blank\" rel=\"noopener noreferrer\">download<\/a>]<\/li>\n<li>Mensaje de Compromiso en ESG [<a href=\"https:\/\/www.itasa.es\/download\/2349\/Mativ-ESG-Mensaje-de-compromiso.pdf\" target=\"_blank\" rel=\"noopener noreferrer\">download<\/a>]<\/li>\n<\/ul>\n<\/div>\n<\/div>\n<div class=\"col-12 col-md-8 offset-md-2\">\n<div class=\"box box-blokea gris\">\n<h3 id=\"cert\" align=\"center\">Procesos y sistemas de gesti\u00f3n s\u00f3lidos<\/h3>\n<p><strong>Sede central de ITASA:<\/strong><\/p>\n<ul>\n<li>ISO\u00a09001 \u2013 Calidad\u2013 desde 1996 [<a href=\"https:\/\/www.itasa.es\/wp-content\/uploads\/2025\/05\/SGS_ISO-9001_2015_ESPAS_000259_ES.pdf\" target=\"_blank\" rel=\"noopener noreferrer\">descarga certificado<\/a>]<\/li>\n<li>ISO\u00a014001 \u2013 Medioambiente\u2013 desde 2013 [<a href=\"https:\/\/www.itasa.es\/wp-content\/uploads\/2025\/05\/SGS_ISO-14001_2015_ESPAS_000284_ES.pdf\" target=\"_blank\" rel=\"noopener noreferrer\">descarga certificado<\/a>]<\/li>\n<li>ISO\u00a045001 \u2013 Seguridad\u2013 desde 2018 [<a href=\"https:\/\/www.itasa.es\/wp-content\/uploads\/2025\/05\/SGS_ISO-45001_2018_ESPAS_000260_ES.pdf\" target=\"_blank\" rel=\"noopener noreferrer\">descarga certificado<\/a>]<\/li>\n<li>FSC<sup>\u00ae<\/sup> \u2013 Cadena de custodia \u2013 desde 2019 [<a href=\"https:\/\/www.itasa.es\/download\/2944\/?tmstv=1713794280\" target=\"_blank\" rel=\"noopener noreferrer\">descarga certificado<\/a>]<\/li>\n<li>ISO\u00a050001 \u2013 Eficiencia energ\u00e9tica \u2013 desde 2019 [<a href=\"https:\/\/www.itasa.es\/wp-content\/uploads\/2025\/05\/SGS_ISO-50001_2018_ESPAS_000285_ES.pdf\" target=\"_blank\" rel=\"noopener noreferrer\">descarga certificado<\/a>]<\/li>\n<li>PEFC \u2013 Cadena de custodia &#8211; desde 2020 [<a href=\"https:\/\/www.itasa.es\/wp-content\/uploads\/2025\/07\/AEN-PEFC-COC-0041-_IN.pdf\" target=\"_blank\" rel=\"noopener noreferrer\">download certificate<\/a>]<\/li>\n<li>DE RESIDUOS A RECURSOS : ZERO A VERTEDERO- Sostenibilidad- desde 2024 [<a href=\"https:\/\/www.itasa.es\/wp-content\/uploads\/2025\/07\/Certificado-ITASA-RESIDUO-ZERO-2025.pdf\" target=\"_blank\" rel=\"noopener noreferrer\">download certificate<\/a>]<\/li>\n<li>Saica Natur certificado cero a vertedero &#8211; desde 2024[<a href=\"https:\/\/www.itasa.es\/es\/is-sostenibilidad\/3056-2\/\" target=\"_blank\" rel=\"noopener noreferrer\">download certificate<\/a>]<\/li>\n<li>ECOVADIS \u2013 Sostenibilidad \u2013 desde 2020<\/li>\n<\/ul>\n<p><img decoding=\"async\" loading=\"lazy\" class=\"size-full wp-image-3384 aligncenter\" style=\"display: block; margin: 0 auto;\" src=\"https:\/\/www.itasa.es\/wp-content\/uploads\/2026\/02\/ecov.png\" alt=\"\" width=\"90\" height=\"90\" \/><\/p>\n<p><strong>ITASA Americas:<\/strong><\/p>\n<ul>\n<li>ISO\u00a09001 \u2013 Calidad\u2013 desde 2019 [<a href=\"https:\/\/www.itasa.es\/wp-content\/uploads\/2026\/01\/SGS_ISO-9001_2015_MXMEX_000060_EN.pdf\" target=\"_blank\" rel=\"noopener noreferrer\">descarga certificado<\/a>]<\/li>\n<li>FSC<sup>\u00ae<\/sup> \u2013 Cadena de custodia \u2013 desde 2020 [<a href=\"https:\/\/www.itasa.es\/wp-content\/uploads\/2026\/01\/CertificadoFSC_AEN-COC-CW-000369_2025-11-04-.pdf\" target=\"_blank\" rel=\"noopener noreferrer\">descarga certificado<\/a>]<\/li>\n<li>PEFC \u2013 Cadena de custodia &#8211; desde 2020 [<a href=\"https:\/\/www.itasa.es\/wp-content\/uploads\/2026\/01\/AEN-PEFC-COC-0266_IN-2025-11-22.pdf\" target=\"_blank\" rel=\"noopener noreferrer\">download certificate<\/a>]<\/li>\n<li>ECOVADIS \u2013 Sostenibilidad \u2013 desde 2020<\/li>\n<\/ul>\n<\/div>\n<\/div>\n<div class=\"col-12 col-md-8 offset-md-2\">\n<h3 id=\"sustainability\" align=\"center\">Pol\u00edtica de Desarrollo Sostenible<\/h3>\n<p class=\"text-center\"><a class=\"btn btn-primary btn-lg\" href=\"https:\/\/www.itasa.es\/es\/\/download\/1478\/?tmstv=1777024380\" rel=\"nofollow\">Descargar: Politica Desarrollo Sostenible <i class=\"fa fa-chevron-down ml-3\"><\/i><\/a><\/p>\n<\/div>\n<div class=\"col-12 col-md-8 offset-md-2\">\n<h3 id=\"sustainabilityreport\" align=\"center\">Memoria de sostenibilidad<\/h3>\n<p class=\"text-center\"><a class=\"btn btn-primary btn-lg\" href=\"https:\/\/www.itasa.es\/es\/\/download\/3376\/?tmstv=1777024380\" rel=\"nofollow\">Descargar: Memoria de sostenibilidad ITASA 2023 <i class=\"fa fa-chevron-down ml-3\"><\/i><\/a><\/p>\n<\/div>\n<div class=\"col-12 col-md-8 offset-md-2\">\n<h3 id=\"informeOds\" align=\"center\">ODS de ITASA<\/h3>\n<p class=\"text-center\"><a class=\"btn btn-primary btn-lg\" href=\"https:\/\/www.itasa.es\/es\/\/download\/2176\/?tmstv=1777024380\" rel=\"nofollow\">Descargar: INFORME ODS 2023 <i class=\"fa fa-chevron-down ml-3\"><\/i><\/a><\/p>\n<\/div>\n<div class=\"col-12 col-md-8 offset-md-2\">\n<h3 id=\"estadoInformacionNoFinanciera\" align=\"center\">Estado de Informaci\u00f3n No Financiera<\/h3>\n<p class=\"text-center\"><a class=\"btn btn-primary btn-lg\" href=\"https:\/\/www.itasa.es\/es\/\/download\/2579\/?tmstv=1777024380\" rel=\"nofollow\">Descargar: Estado de Informacion No Financiera <i class=\"fa fa-chevron-down ml-3\"><\/i><\/a><\/p>\n<\/div>\n<\/div>\n<p><a id=\"spec\" href=\"https:\/\/www.itasa.es\/wp-content\/uploads\/2024\/06\/IN_INDUSTRIAL_SPECIALITIES_OK-1-scaled.jpg\"><img decoding=\"async\" loading=\"lazy\" class=\"alignnone size-full wp-image-3078\" src=\"https:\/\/www.itasa.es\/wp-content\/uploads\/2024\/06\/IN_INDUSTRIAL_SPECIALITIES_OK-1-scaled.jpg\" alt=\"\" width=\"1097\" height=\"2560\" srcset=\"https:\/\/www.itasa.es\/wp-content\/uploads\/2024\/06\/IN_INDUSTRIAL_SPECIALITIES_OK-1-scaled.jpg 1097w, https:\/\/www.itasa.es\/wp-content\/uploads\/2024\/06\/IN_INDUSTRIAL_SPECIALITIES_OK-1-129x300.jpg 129w, https:\/\/www.itasa.es\/wp-content\/uploads\/2024\/06\/IN_INDUSTRIAL_SPECIALITIES_OK-1-439x1024.jpg 439w, https:\/\/www.itasa.es\/wp-content\/uploads\/2024\/06\/IN_INDUSTRIAL_SPECIALITIES_OK-1-768x1792.jpg 768w, https:\/\/www.itasa.es\/wp-content\/uploads\/2024\/06\/IN_INDUSTRIAL_SPECIALITIES_OK-1-658x1536.jpg 658w, https:\/\/www.itasa.es\/wp-content\/uploads\/2024\/06\/IN_INDUSTRIAL_SPECIALITIES_OK-1-878x2048.jpg 878w\" sizes=\"(max-width: 1097px) 100vw, 1097px\" \/><\/a><\/p>\n","protected":false},"excerpt":{"rendered":"<p>&nbsp; PRESENTAMOS IS Itasa y Sostenibilidad. IS &#8211; el compromiso de Itasa con la Sostenibilidad. IS es mucho m\u00e1s que un nombre; es un s\u00edmbolo de innovaci\u00f3n, responsabilidad y evoluci\u00f3n hacia un futuro m\u00e1s verde. Representa nuestro empe\u00f1o en promover la responsabilidad ambiental en todos los aspectos de nuestras operaciones. IS personifica el esfuerzo conjunto [&hellip;]<\/p>\n","protected":false},"author":4,"featured_media":2755,"parent":0,"menu_order":0,"comment_status":"closed","ping_status":"closed","template":"template-is.php","meta":{"_mi_skip_tracking":false,"_monsterinsights_sitenote_active":false,"_monsterinsights_sitenote_note":"","_monsterinsights_sitenote_category":0,"footnotes":""},"acf":[],"yoast_head":"<!-- This site is optimized with the Yoast SEO plugin v21.4 - https:\/\/yoast.com\/wordpress\/plugins\/seo\/ -->\n<title>IS Sostenibilidad - Itasa<\/title>\n<meta name=\"robots\" content=\"index, follow, max-snippet:-1, max-image-preview:large, max-video-preview:-1\" \/>\n<link rel=\"canonical\" href=\"https:\/\/www.itasa.es\/es\/is-sostenibilidad\/\" \/>\n<meta property=\"og:locale\" content=\"es_ES\" \/>\n<meta property=\"og:type\" content=\"article\" \/>\n<meta property=\"og:title\" content=\"IS Sostenibilidad - Itasa\" \/>\n<meta property=\"og:description\" content=\"&nbsp; PRESENTAMOS IS Itasa y Sostenibilidad. IS &#8211; el compromiso de Itasa con la Sostenibilidad. IS es mucho m\u00e1s que un nombre; es un s\u00edmbolo de innovaci\u00f3n, responsabilidad y evoluci\u00f3n hacia un futuro m\u00e1s verde. Representa nuestro empe\u00f1o en promover la responsabilidad ambiental en todos los aspectos de nuestras operaciones. IS personifica el esfuerzo conjunto [&hellip;]\" \/>\n<meta property=\"og:url\" content=\"https:\/\/www.itasa.es\/es\/is-sostenibilidad\/\" \/>\n<meta property=\"og:site_name\" content=\"Itasa\" \/>\n<meta property=\"article:modified_time\" content=\"2026-02-16T16:59:03+00:00\" \/>\n<meta property=\"og:image\" content=\"https:\/\/www.itasa.es\/wp-content\/uploads\/2024\/02\/Enmascarar-grupo-8.jpg\" \/>\n\t<meta property=\"og:image:width\" content=\"1908\" \/>\n\t<meta property=\"og:image:height\" content=\"497\" \/>\n\t<meta property=\"og:image:type\" content=\"image\/jpeg\" \/>\n<meta name=\"twitter:card\" content=\"summary_large_image\" \/>\n<meta name=\"twitter:label1\" content=\"Tiempo de lectura\" \/>\n\t<meta name=\"twitter:data1\" content=\"5 minutos\" \/>\n<script type=\"application\/ld+json\" class=\"yoast-schema-graph\">{\"@context\":\"https:\/\/schema.org\",\"@graph\":[{\"@type\":\"WebPage\",\"@id\":\"https:\/\/www.itasa.es\/es\/is-sostenibilidad\/\",\"url\":\"https:\/\/www.itasa.es\/es\/is-sostenibilidad\/\",\"name\":\"IS Sostenibilidad - Itasa\",\"isPartOf\":{\"@id\":\"https:\/\/www.itasa.es\/es\/#website\"},\"datePublished\":\"2024-02-23T21:24:52+00:00\",\"dateModified\":\"2026-02-16T16:59:03+00:00\",\"breadcrumb\":{\"@id\":\"https:\/\/www.itasa.es\/es\/is-sostenibilidad\/#breadcrumb\"},\"inLanguage\":\"es\",\"potentialAction\":[{\"@type\":\"ReadAction\",\"target\":[\"https:\/\/www.itasa.es\/es\/is-sostenibilidad\/\"]}]},{\"@type\":\"BreadcrumbList\",\"@id\":\"https:\/\/www.itasa.es\/es\/is-sostenibilidad\/#breadcrumb\",\"itemListElement\":[{\"@type\":\"ListItem\",\"position\":1,\"name\":\"Home\",\"item\":\"https:\/\/www.itasa.es\/es\/\"},{\"@type\":\"ListItem\",\"position\":2,\"name\":\"IS Sostenibilidad\"}]},{\"@type\":\"WebSite\",\"@id\":\"https:\/\/www.itasa.es\/es\/#website\",\"url\":\"https:\/\/www.itasa.es\/es\/\",\"name\":\"Itasa\",\"description\":\"50 a\u00f1os fabricando papel y film siliconados de la mayor calidad.\",\"publisher\":{\"@id\":\"https:\/\/www.itasa.es\/es\/#organization\"},\"potentialAction\":[{\"@type\":\"SearchAction\",\"target\":{\"@type\":\"EntryPoint\",\"urlTemplate\":\"https:\/\/www.itasa.es\/es\/?s={search_term_string}\"},\"query-input\":\"required name=search_term_string\"}],\"inLanguage\":\"es\"},{\"@type\":\"Organization\",\"@id\":\"https:\/\/www.itasa.es\/es\/#organization\",\"name\":\"ITASA\",\"url\":\"https:\/\/www.itasa.es\/es\/\",\"logo\":{\"@type\":\"ImageObject\",\"inLanguage\":\"es\",\"@id\":\"https:\/\/www.itasa.es\/es\/#\/schema\/logo\/image\/\",\"url\":\"https:\/\/www.itasa.es\/wp-content\/uploads\/2020\/04\/logo-itasa-e1617715626128.png\",\"contentUrl\":\"https:\/\/www.itasa.es\/wp-content\/uploads\/2020\/04\/logo-itasa-e1617715626128.png\",\"width\":729,\"height\":222,\"caption\":\"ITASA\"},\"image\":{\"@id\":\"https:\/\/www.itasa.es\/es\/#\/schema\/logo\/image\/\"},\"sameAs\":[\"https:\/\/www.linkedin.com\/company\/itasa\"]}]}<\/script>\n<!-- \/ Yoast SEO plugin. -->","yoast_head_json":{"title":"IS Sostenibilidad - Itasa","robots":{"index":"index","follow":"follow","max-snippet":"max-snippet:-1","max-image-preview":"max-image-preview:large","max-video-preview":"max-video-preview:-1"},"canonical":"https:\/\/www.itasa.es\/es\/is-sostenibilidad\/","og_locale":"es_ES","og_type":"article","og_title":"IS Sostenibilidad - Itasa","og_description":"&nbsp; PRESENTAMOS IS Itasa y Sostenibilidad. IS &#8211; el compromiso de Itasa con la Sostenibilidad. IS es mucho m\u00e1s que un nombre; es un s\u00edmbolo de innovaci\u00f3n, responsabilidad y evoluci\u00f3n hacia un futuro m\u00e1s verde. Representa nuestro empe\u00f1o en promover la responsabilidad ambiental en todos los aspectos de nuestras operaciones. IS personifica el esfuerzo conjunto [&hellip;]","og_url":"https:\/\/www.itasa.es\/es\/is-sostenibilidad\/","og_site_name":"Itasa","article_modified_time":"2026-02-16T16:59:03+00:00","og_image":[{"width":1908,"height":497,"url":"https:\/\/www.itasa.es\/wp-content\/uploads\/2024\/02\/Enmascarar-grupo-8.jpg","type":"image\/jpeg"}],"twitter_card":"summary_large_image","twitter_misc":{"Tiempo de lectura":"5 minutos"},"schema":{"@context":"https:\/\/schema.org","@graph":[{"@type":"WebPage","@id":"https:\/\/www.itasa.es\/es\/is-sostenibilidad\/","url":"https:\/\/www.itasa.es\/es\/is-sostenibilidad\/","name":"IS Sostenibilidad - Itasa","isPartOf":{"@id":"https:\/\/www.itasa.es\/es\/#website"},"datePublished":"2024-02-23T21:24:52+00:00","dateModified":"2026-02-16T16:59:03+00:00","breadcrumb":{"@id":"https:\/\/www.itasa.es\/es\/is-sostenibilidad\/#breadcrumb"},"inLanguage":"es","potentialAction":[{"@type":"ReadAction","target":["https:\/\/www.itasa.es\/es\/is-sostenibilidad\/"]}]},{"@type":"BreadcrumbList","@id":"https:\/\/www.itasa.es\/es\/is-sostenibilidad\/#breadcrumb","itemListElement":[{"@type":"ListItem","position":1,"name":"Home","item":"https:\/\/www.itasa.es\/es\/"},{"@type":"ListItem","position":2,"name":"IS Sostenibilidad"}]},{"@type":"WebSite","@id":"https:\/\/www.itasa.es\/es\/#website","url":"https:\/\/www.itasa.es\/es\/","name":"Itasa","description":"50 a\u00f1os fabricando papel y film siliconados de la mayor calidad.","publisher":{"@id":"https:\/\/www.itasa.es\/es\/#organization"},"potentialAction":[{"@type":"SearchAction","target":{"@type":"EntryPoint","urlTemplate":"https:\/\/www.itasa.es\/es\/?s={search_term_string}"},"query-input":"required name=search_term_string"}],"inLanguage":"es"},{"@type":"Organization","@id":"https:\/\/www.itasa.es\/es\/#organization","name":"ITASA","url":"https:\/\/www.itasa.es\/es\/","logo":{"@type":"ImageObject","inLanguage":"es","@id":"https:\/\/www.itasa.es\/es\/#\/schema\/logo\/image\/","url":"https:\/\/www.itasa.es\/wp-content\/uploads\/2020\/04\/logo-itasa-e1617715626128.png","contentUrl":"https:\/\/www.itasa.es\/wp-content\/uploads\/2020\/04\/logo-itasa-e1617715626128.png","width":729,"height":222,"caption":"ITASA"},"image":{"@id":"https:\/\/www.itasa.es\/es\/#\/schema\/logo\/image\/"},"sameAs":["https:\/\/www.linkedin.com\/company\/itasa"]}]}},"_links":{"self":[{"href":"https:\/\/www.itasa.es\/es\/wp-json\/wp\/v2\/pages\/2794"}],"collection":[{"href":"https:\/\/www.itasa.es\/es\/wp-json\/wp\/v2\/pages"}],"about":[{"href":"https:\/\/www.itasa.es\/es\/wp-json\/wp\/v2\/types\/page"}],"author":[{"embeddable":true,"href":"https:\/\/www.itasa.es\/es\/wp-json\/wp\/v2\/users\/4"}],"replies":[{"embeddable":true,"href":"https:\/\/www.itasa.es\/es\/wp-json\/wp\/v2\/comments?post=2794"}],"version-history":[{"count":34,"href":"https:\/\/www.itasa.es\/es\/wp-json\/wp\/v2\/pages\/2794\/revisions"}],"predecessor-version":[{"id":3660,"href":"https:\/\/www.itasa.es\/es\/wp-json\/wp\/v2\/pages\/2794\/revisions\/3660"}],"wp:featuredmedia":[{"embeddable":true,"href":"https:\/\/www.itasa.es\/es\/wp-json\/wp\/v2\/media\/2755"}],"wp:attachment":[{"href":"https:\/\/www.itasa.es\/es\/wp-json\/wp\/v2\/media?parent=2794"}],"curies":[{"name":"wp","href":"https:\/\/api.w.org\/{rel}","templated":true}]}}