{"id":2792,"date":"2024-02-23T22:17:12","date_gmt":"2024-02-23T21:17:12","guid":{"rendered":"https:\/\/www.itasa.es\/?page_id=2792"},"modified":"2024-02-23T22:17:12","modified_gmt":"2024-02-23T21:17:12","slug":"colab","status":"publish","type":"page","link":"https:\/\/www.itasa.es\/es\/colab\/","title":{"rendered":"CoLab"},"content":{"rendered":"<p><span style=\"height:10px;display:block;\"><\/span><\/p>\n<h3>CoLab.<br \/>\nPOTENCIANDO EL PODER DE LA COLABORACI\u00d3N.<\/h3>\n<p>En Itasa CoLab creemos en el poder de las alianzas y trabajamos en estrecha colaboraci\u00f3n con clientes, proveedores y aliados de la comunidad cient\u00edfica para co-crear nuevas soluciones especializadas. Nuestra red integrada de creaci\u00f3n de valor analiza y eval\u00faa la viabilidad de cada oportunidad de colaboraci\u00f3n, abriendo as\u00ed el camino para avances revolucionarios en distintas industrias.<\/p>\n<p>Contamos con un laboratorio piloto y un equipo de cient\u00edficos que encabezan la innovaci\u00f3n, proporcionando prototipos r\u00e1pidos y soluciones a escala reducida para la validaci\u00f3n por parte del cliente. Impulsados por nuestra pasi\u00f3n por el avance y la excelencia de producto, nos esforzamos por superar las expectativas de nuestros clientes con soluciones eficaces, de alto rendimiento y sostenibles.<\/p>\n<p>A trav\u00e9s de s\u00f3lidas alianzas y colaboraciones a largo plazo, creamos release liners que superan los requisitos de eficiencia, rendimiento y sostenibilidad para cualquier aplicaci\u00f3n. Nuestro compromiso con la calidad es firme: aseguramos la trazabilidad y la fiabilidad del producto mediante procesos estrictos de control y garant\u00eda de calidad.<\/p>\n<p>En CoLab, la colaboraci\u00f3n impulsa la innovaci\u00f3n. \u00danete a nosotros y construyamos juntos las soluciones del futuro firmemente comprometidos con el progreso y la excelencia del producto.<br \/>\n&nbsp;<\/p>\n<div class=\"\"container\">\n<div class=\"row\">\n<div class=\"col-12 col-md-4 col-lg-4 px-lg-3\">\n<img decoding=\"async\" loading=\"lazy\" src=\"https:\/\/www.itasa.es\/wp-content\/uploads\/2024\/02\/Corp22_Orig_747@2x.jpg\" alt=\"\" width=\"710\" height=\"472\" class=\"alignnone size-full wp-image-2724\" srcset=\"https:\/\/www.itasa.es\/wp-content\/uploads\/2024\/02\/Corp22_Orig_747@2x.jpg 710w, https:\/\/www.itasa.es\/wp-content\/uploads\/2024\/02\/Corp22_Orig_747@2x-300x199.jpg 300w\" sizes=\"(max-width: 710px) 100vw, 710px\" \/><\/p>\n<h4>Alianzas s\u00f3lidas.<\/h4>\n<p>Ya est\u00e1n emergiendo los primeros casos de \u00e9xito como resultado de nuestra red integrada de creaci\u00f3n de valor.\n<\/p>\n<\/div>\n<div class=\"col-12 col-md-4 col-lg-4 px-lg-3\" style=\"padding-right: 10px;\">\n<img decoding=\"async\" loading=\"lazy\" src=\"https:\/\/www.itasa.es\/wp-content\/uploads\/2024\/02\/Corp22_Ret_537@2x.jpg\" alt=\"\" width=\"710\" height=\"472\" class=\"alignnone size-full wp-image-2726\" srcset=\"https:\/\/www.itasa.es\/wp-content\/uploads\/2024\/02\/Corp22_Ret_537@2x.jpg 710w, https:\/\/www.itasa.es\/wp-content\/uploads\/2024\/02\/Corp22_Ret_537@2x-300x199.jpg 300w\" sizes=\"(max-width: 710px) 100vw, 710px\" \/><\/p>\n<h4>Laboratorio piloto.<br \/>\n<\/h4>\n<p>Prototipado r\u00e1pido a peque\u00f1a escala para la verificaci\u00f3n de productos por parte del cliente.<\/p>\n<\/div>\n<div class=\"col-12 col-md-4 col-lg-4 px-lg-3\" style=\"padding-right: 10px;\">\n<img decoding=\"async\" loading=\"lazy\" src=\"https:\/\/www.itasa.es\/wp-content\/uploads\/2024\/02\/Corp22_Ret_669@2x.jpg\" alt=\"\" width=\"710\" height=\"472\" class=\"alignnone size-full wp-image-2728\" srcset=\"https:\/\/www.itasa.es\/wp-content\/uploads\/2024\/02\/Corp22_Ret_669@2x.jpg 710w, https:\/\/www.itasa.es\/wp-content\/uploads\/2024\/02\/Corp22_Ret_669@2x-300x199.jpg 300w\" sizes=\"(max-width: 710px) 100vw, 710px\" \/><\/p>\n<h4>Control y garant\u00eda.<br \/>\n<\/h4>\n<p>Procesos estrictos de control y garant\u00eda de calidad, potenciando la trazabilidad y la fiabilidad del producto.\n<\/p>\n<\/div>\n<\/div>\n<\/div>\n","protected":false},"excerpt":{"rendered":"<p>CoLab. POTENCIANDO EL PODER DE LA COLABORACI\u00d3N. En Itasa CoLab creemos en el poder de las alianzas y trabajamos en estrecha colaboraci\u00f3n con clientes, proveedores y aliados de la comunidad cient\u00edfica para co-crear nuevas soluciones especializadas. Nuestra red integrada de creaci\u00f3n de valor analiza y eval\u00faa la viabilidad de cada oportunidad de colaboraci\u00f3n, abriendo as\u00ed [&hellip;]<\/p>\n","protected":false},"author":4,"featured_media":2706,"parent":0,"menu_order":0,"comment_status":"closed","ping_status":"closed","template":"template-colab.php","meta":{"_mi_skip_tracking":false,"_monsterinsights_sitenote_active":false,"_monsterinsights_sitenote_note":"","_monsterinsights_sitenote_category":0,"footnotes":""},"acf":[],"yoast_head":"<!-- This site is optimized with the Yoast SEO plugin v21.4 - https:\/\/yoast.com\/wordpress\/plugins\/seo\/ -->\n<title>CoLab - Itasa<\/title>\n<meta name=\"robots\" content=\"index, follow, max-snippet:-1, max-image-preview:large, max-video-preview:-1\" \/>\n<link rel=\"canonical\" href=\"https:\/\/www.itasa.es\/es\/colab\/\" \/>\n<meta property=\"og:locale\" content=\"es_ES\" \/>\n<meta property=\"og:type\" content=\"article\" \/>\n<meta property=\"og:title\" content=\"CoLab - Itasa\" \/>\n<meta property=\"og:description\" content=\"CoLab. POTENCIANDO EL PODER DE LA COLABORACI\u00d3N. En Itasa CoLab creemos en el poder de las alianzas y trabajamos en estrecha colaboraci\u00f3n con clientes, proveedores y aliados de la comunidad cient\u00edfica para co-crear nuevas soluciones especializadas. Nuestra red integrada de creaci\u00f3n de valor analiza y eval\u00faa la viabilidad de cada oportunidad de colaboraci\u00f3n, abriendo as\u00ed [&hellip;]\" \/>\n<meta property=\"og:url\" content=\"https:\/\/www.itasa.es\/es\/colab\/\" \/>\n<meta property=\"og:site_name\" content=\"Itasa\" \/>\n<meta property=\"og:image\" content=\"https:\/\/www.itasa.es\/wp-content\/uploads\/2024\/02\/colab.jpg\" \/>\n\t<meta property=\"og:image:width\" content=\"1890\" \/>\n\t<meta property=\"og:image:height\" content=\"640\" \/>\n\t<meta property=\"og:image:type\" content=\"image\/jpeg\" \/>\n<meta name=\"twitter:card\" content=\"summary_large_image\" \/>\n<script type=\"application\/ld+json\" class=\"yoast-schema-graph\">{\"@context\":\"https:\/\/schema.org\",\"@graph\":[{\"@type\":\"WebPage\",\"@id\":\"https:\/\/www.itasa.es\/es\/colab\/\",\"url\":\"https:\/\/www.itasa.es\/es\/colab\/\",\"name\":\"CoLab - Itasa\",\"isPartOf\":{\"@id\":\"https:\/\/www.itasa.es\/es\/#website\"},\"datePublished\":\"2024-02-23T21:17:12+00:00\",\"dateModified\":\"2024-02-23T21:17:12+00:00\",\"breadcrumb\":{\"@id\":\"https:\/\/www.itasa.es\/es\/colab\/#breadcrumb\"},\"inLanguage\":\"es\",\"potentialAction\":[{\"@type\":\"ReadAction\",\"target\":[\"https:\/\/www.itasa.es\/es\/colab\/\"]}]},{\"@type\":\"BreadcrumbList\",\"@id\":\"https:\/\/www.itasa.es\/es\/colab\/#breadcrumb\",\"itemListElement\":[{\"@type\":\"ListItem\",\"position\":1,\"name\":\"Home\",\"item\":\"https:\/\/www.itasa.es\/es\/\"},{\"@type\":\"ListItem\",\"position\":2,\"name\":\"CoLab\"}]},{\"@type\":\"WebSite\",\"@id\":\"https:\/\/www.itasa.es\/es\/#website\",\"url\":\"https:\/\/www.itasa.es\/es\/\",\"name\":\"Itasa\",\"description\":\"50 a\u00f1os fabricando papel y film siliconados de la mayor calidad.\",\"publisher\":{\"@id\":\"https:\/\/www.itasa.es\/es\/#organization\"},\"potentialAction\":[{\"@type\":\"SearchAction\",\"target\":{\"@type\":\"EntryPoint\",\"urlTemplate\":\"https:\/\/www.itasa.es\/es\/?s={search_term_string}\"},\"query-input\":\"required name=search_term_string\"}],\"inLanguage\":\"es\"},{\"@type\":\"Organization\",\"@id\":\"https:\/\/www.itasa.es\/es\/#organization\",\"name\":\"ITASA\",\"url\":\"https:\/\/www.itasa.es\/es\/\",\"logo\":{\"@type\":\"ImageObject\",\"inLanguage\":\"es\",\"@id\":\"https:\/\/www.itasa.es\/es\/#\/schema\/logo\/image\/\",\"url\":\"https:\/\/www.itasa.es\/wp-content\/uploads\/2020\/04\/logo-itasa-e1617715626128.png\",\"contentUrl\":\"https:\/\/www.itasa.es\/wp-content\/uploads\/2020\/04\/logo-itasa-e1617715626128.png\",\"width\":729,\"height\":222,\"caption\":\"ITASA\"},\"image\":{\"@id\":\"https:\/\/www.itasa.es\/es\/#\/schema\/logo\/image\/\"},\"sameAs\":[\"https:\/\/www.linkedin.com\/company\/itasa\"]}]}<\/script>\n<!-- \/ Yoast SEO plugin. -->","yoast_head_json":{"title":"CoLab - Itasa","robots":{"index":"index","follow":"follow","max-snippet":"max-snippet:-1","max-image-preview":"max-image-preview:large","max-video-preview":"max-video-preview:-1"},"canonical":"https:\/\/www.itasa.es\/es\/colab\/","og_locale":"es_ES","og_type":"article","og_title":"CoLab - Itasa","og_description":"CoLab. POTENCIANDO EL PODER DE LA COLABORACI\u00d3N. En Itasa CoLab creemos en el poder de las alianzas y trabajamos en estrecha colaboraci\u00f3n con clientes, proveedores y aliados de la comunidad cient\u00edfica para co-crear nuevas soluciones especializadas. Nuestra red integrada de creaci\u00f3n de valor analiza y eval\u00faa la viabilidad de cada oportunidad de colaboraci\u00f3n, abriendo as\u00ed [&hellip;]","og_url":"https:\/\/www.itasa.es\/es\/colab\/","og_site_name":"Itasa","og_image":[{"width":1890,"height":640,"url":"https:\/\/www.itasa.es\/wp-content\/uploads\/2024\/02\/colab.jpg","type":"image\/jpeg"}],"twitter_card":"summary_large_image","schema":{"@context":"https:\/\/schema.org","@graph":[{"@type":"WebPage","@id":"https:\/\/www.itasa.es\/es\/colab\/","url":"https:\/\/www.itasa.es\/es\/colab\/","name":"CoLab - Itasa","isPartOf":{"@id":"https:\/\/www.itasa.es\/es\/#website"},"datePublished":"2024-02-23T21:17:12+00:00","dateModified":"2024-02-23T21:17:12+00:00","breadcrumb":{"@id":"https:\/\/www.itasa.es\/es\/colab\/#breadcrumb"},"inLanguage":"es","potentialAction":[{"@type":"ReadAction","target":["https:\/\/www.itasa.es\/es\/colab\/"]}]},{"@type":"BreadcrumbList","@id":"https:\/\/www.itasa.es\/es\/colab\/#breadcrumb","itemListElement":[{"@type":"ListItem","position":1,"name":"Home","item":"https:\/\/www.itasa.es\/es\/"},{"@type":"ListItem","position":2,"name":"CoLab"}]},{"@type":"WebSite","@id":"https:\/\/www.itasa.es\/es\/#website","url":"https:\/\/www.itasa.es\/es\/","name":"Itasa","description":"50 a\u00f1os fabricando papel y film siliconados de la mayor calidad.","publisher":{"@id":"https:\/\/www.itasa.es\/es\/#organization"},"potentialAction":[{"@type":"SearchAction","target":{"@type":"EntryPoint","urlTemplate":"https:\/\/www.itasa.es\/es\/?s={search_term_string}"},"query-input":"required name=search_term_string"}],"inLanguage":"es"},{"@type":"Organization","@id":"https:\/\/www.itasa.es\/es\/#organization","name":"ITASA","url":"https:\/\/www.itasa.es\/es\/","logo":{"@type":"ImageObject","inLanguage":"es","@id":"https:\/\/www.itasa.es\/es\/#\/schema\/logo\/image\/","url":"https:\/\/www.itasa.es\/wp-content\/uploads\/2020\/04\/logo-itasa-e1617715626128.png","contentUrl":"https:\/\/www.itasa.es\/wp-content\/uploads\/2020\/04\/logo-itasa-e1617715626128.png","width":729,"height":222,"caption":"ITASA"},"image":{"@id":"https:\/\/www.itasa.es\/es\/#\/schema\/logo\/image\/"},"sameAs":["https:\/\/www.linkedin.com\/company\/itasa"]}]}},"_links":{"self":[{"href":"https:\/\/www.itasa.es\/es\/wp-json\/wp\/v2\/pages\/2792"}],"collection":[{"href":"https:\/\/www.itasa.es\/es\/wp-json\/wp\/v2\/pages"}],"about":[{"href":"https:\/\/www.itasa.es\/es\/wp-json\/wp\/v2\/types\/page"}],"author":[{"embeddable":true,"href":"https:\/\/www.itasa.es\/es\/wp-json\/wp\/v2\/users\/4"}],"replies":[{"embeddable":true,"href":"https:\/\/www.itasa.es\/es\/wp-json\/wp\/v2\/comments?post=2792"}],"version-history":[{"count":2,"href":"https:\/\/www.itasa.es\/es\/wp-json\/wp\/v2\/pages\/2792\/revisions"}],"predecessor-version":[{"id":2807,"href":"https:\/\/www.itasa.es\/es\/wp-json\/wp\/v2\/pages\/2792\/revisions\/2807"}],"wp:featuredmedia":[{"embeddable":true,"href":"https:\/\/www.itasa.es\/es\/wp-json\/wp\/v2\/media\/2706"}],"wp:attachment":[{"href":"https:\/\/www.itasa.es\/es\/wp-json\/wp\/v2\/media?parent=2792"}],"curies":[{"name":"wp","href":"https:\/\/api.w.org\/{rel}","templated":true}]}}