{"id":2455,"date":"2023-08-25T13:33:18","date_gmt":"2023-08-25T11:33:18","guid":{"rendered":"https:\/\/www.itasa.es\/?page_id=2455"},"modified":"2024-02-23T22:39:47","modified_gmt":"2024-02-23T21:39:47","slug":"los-release-liners-de-papel-y-film-mas-fiables","status":"publish","type":"page","link":"https:\/\/www.itasa.es\/es\/los-release-liners-de-papel-y-film-mas-fiables\/","title":{"rendered":"Los release liners de papel y film m\u00e1s fiables"},"content":{"rendered":"<p>&nbsp;<br \/>\nDurante m\u00e1s de 40\u00a0a\u00f1os, Itasa ha fabricado release liners siliconados de la mayor calidad, con el desarrollo de soluciones personalizadas.<\/p>\n<p>En Itasa aprovechamos toda nuestra experiencia para responder a las necesidades de los sectores m\u00e1s exigentes, para los que ofrecemos productos espec\u00edficos de alta calidad.<\/p>\n<p>Ofrecemos toda una gama de release liners de papel y film para todo el mundo, desde nuestras plantas de producci\u00f3n situadas en Espa\u00f1a y M\u00e9xico.<\/p>\n<h2 id=\"paper\" class=\"mt-5 text-center\">PAPEL<\/h2>\n<div class=\"tabla\">\n<div class=\"ficha-tabla table-responsive\">\n<table class=\"table table-bordered table-hover\">\n<thead class=\"thead-light\">\n<tr>\n<th scope=\"col\">Sustrato de papel<\/th>\n<th scope=\"col\">Anchura (mm)<\/th>\n<th scope=\"col\">Gramajes (g\/m<sup>2<\/sup>)<\/th>\n<\/tr>\n<\/thead>\n<tbody>\n<tr>\n<th scope=\"row\">Clay Coated Kraft<\/th>\n<td>12-2300<\/td>\n<td>40-180<\/td>\n<\/tr>\n<tr>\n<th scope=\"row\">PE Coated Kraft (1S\/2S PCK)<\/th>\n<td>12-2300<\/td>\n<td>50-130<\/td>\n<\/tr>\n<tr>\n<th scope=\"row\">Machine Glazed \/ Finished<\/th>\n<td>12-2300<\/td>\n<td>30-60<\/td>\n<\/tr>\n<tr>\n<th scope=\"row\">SCK<\/th>\n<td>12-2300<\/td>\n<td>40-160<\/td>\n<\/tr>\n<tr>\n<th scope=\"row\">Glassine<\/th>\n<td>12-2300<\/td>\n<td>40-160<\/td>\n<\/tr>\n<tr>\n<th scope=\"row\">Kraft<\/th>\n<td>12-2300<\/td>\n<td>40-90<\/td>\n<\/tr>\n<tr>\n<th scope=\"row\">Latex Saturated<\/th>\n<td>12-2300<\/td>\n<td>65-105<\/td>\n<\/tr>\n<\/tbody>\n<\/table>\n<\/div>\n<\/div>\n<h2 id=\"films\" class=\"mt-5 text-center\">FILM<\/h2>\n<div class=\"tabla\">\n<div class=\"ficha-tabla table-responsive\">\n<table class=\"table table-bordered table-hover\">\n<thead class=\"thead-light\">\n<tr>\n<th scope=\"col\">Film<\/th>\n<th scope=\"col\">Anchura (mm)<\/th>\n<th scope=\"col\">Gramajes ((\u03bcm))<\/th>\n<\/tr>\n<\/thead>\n<tbody>\n<tr>\n<th scope=\"row\">PET<\/th>\n<td>12-2300<\/td>\n<td>12-200<\/td>\n<\/tr>\n<\/tbody>\n<\/table>\n<\/div>\n<\/div>\n<h2 id=\"futura\" class=\"mt-5 text-center\">FUTURA LINERS<\/h2>\n<p><\/p>\n<p>Junto con nuestros clientes, proveedores y colaboradores de la comunidad cient\u00edfica, estamos co-creando nuevas especialidades a trav\u00e9s de una red integrada de creaci\u00f3n de valor. Nuestro centro de innovaci\u00f3n Itasa CoLab abre las puertas de la sostenibilidad a trav\u00e9s de soluciones basadas en la reutilizaci\u00f3n y el reciclaje.<br \/>\nEstos liners se producen con una amplia gama de papeles base reciclados, coatings fabricados con recursos renovables de hasta el 100% y procesos de fabricaci\u00f3n de bajo impacto ambiental. Como resultado, los Futura Liners garantizan una menor huella de carbono que los liners est\u00e1ndar. <\/p>\n<div class=\"tabla\">\n<div class=\"ficha-tabla table-responsive\">\n<table class=\"table table-bordered table-hover\">\n<thead class=\"thead-light\">\n<tr>\n<th scope=\"col\">Product<\/th>\n<th scope=\"col\">Range<\/th>\n<th scope=\"col\">GSM<\/th>\n<th scope=\"col\">Color<\/th>\n<th scope=\"col\">Printing<\/th>\n<\/tr>\n<\/thead>\n<tbody>\n<tr>\n<th scope=\"row\">SCK Futura Liner<\/th>\n<td>12-2300<\/td>\n<td>40\u2013140<\/td>\n<td>Disponibles todos los colores industriales<\/td>\n<td>Off-line \/ Inline<\/td>\n<\/tr>\n<tr>\n<th scope=\"row\">PCR Futura Liner<\/th>\n<td>12-2300<\/td>\n<td>55\u201380<\/td>\n<td>Blanco reciclado<\/td>\n<td>Off-line \/ Inline<\/td>\n<\/tr>\n<\/tbody>\n<\/table>\n<\/div>\n<\/div>\n","protected":false},"excerpt":{"rendered":"<p>&nbsp; Durante m\u00e1s de 40\u00a0a\u00f1os, Itasa ha fabricado release liners siliconados de la mayor calidad, con el desarrollo de soluciones personalizadas. En Itasa aprovechamos toda nuestra experiencia para responder a las necesidades de los sectores m\u00e1s exigentes, para los que ofrecemos productos espec\u00edficos de alta calidad. Ofrecemos toda una gama de release liners de papel [&hellip;]<\/p>\n","protected":false},"author":4,"featured_media":600,"parent":0,"menu_order":0,"comment_status":"closed","ping_status":"closed","template":"template-paperfilm.php","meta":{"_mi_skip_tracking":false,"_monsterinsights_sitenote_active":false,"_monsterinsights_sitenote_note":"","_monsterinsights_sitenote_category":0,"footnotes":""},"acf":[],"yoast_head":"<!-- This site is optimized with the Yoast SEO plugin v21.4 - https:\/\/yoast.com\/wordpress\/plugins\/seo\/ -->\n<title>Los release liners de papel y film m\u00e1s fiables del mercado<\/title>\n<meta name=\"description\" content=\"Durante m\u00e1s de 40\u00a0a\u00f1os, Itasa ha fabricado release liners siliconados de la mayor calidad, con el desarrollo de soluciones personalizadas.\" \/>\n<meta name=\"robots\" content=\"index, follow, max-snippet:-1, max-image-preview:large, max-video-preview:-1\" \/>\n<link rel=\"canonical\" href=\"https:\/\/www.itasa.es\/es\/los-release-liners-de-papel-y-film-mas-fiables\/\" \/>\n<meta property=\"og:locale\" content=\"es_ES\" \/>\n<meta property=\"og:type\" content=\"article\" \/>\n<meta property=\"og:title\" content=\"Los release liners de papel y film m\u00e1s fiables del mercado\" \/>\n<meta property=\"og:description\" content=\"Durante m\u00e1s de 40\u00a0a\u00f1os, Itasa ha fabricado release liners siliconados de la mayor calidad, con el desarrollo de soluciones personalizadas.\" \/>\n<meta property=\"og:url\" content=\"https:\/\/www.itasa.es\/es\/los-release-liners-de-papel-y-film-mas-fiables\/\" \/>\n<meta property=\"og:site_name\" content=\"Itasa\" \/>\n<meta property=\"article:modified_time\" content=\"2024-02-23T21:39:47+00:00\" \/>\n<meta property=\"og:image\" content=\"https:\/\/www.itasa.es\/wp-content\/uploads\/2020\/04\/bobst1.jpg\" \/>\n\t<meta property=\"og:image:width\" content=\"1120\" \/>\n\t<meta property=\"og:image:height\" content=\"750\" \/>\n\t<meta property=\"og:image:type\" content=\"image\/jpeg\" \/>\n<meta name=\"twitter:card\" content=\"summary_large_image\" \/>\n<meta name=\"twitter:label1\" content=\"Tiempo de lectura\" \/>\n\t<meta name=\"twitter:data1\" content=\"2 minutos\" \/>\n<script type=\"application\/ld+json\" class=\"yoast-schema-graph\">{\"@context\":\"https:\/\/schema.org\",\"@graph\":[{\"@type\":\"WebPage\",\"@id\":\"https:\/\/www.itasa.es\/es\/los-release-liners-de-papel-y-film-mas-fiables\/\",\"url\":\"https:\/\/www.itasa.es\/es\/los-release-liners-de-papel-y-film-mas-fiables\/\",\"name\":\"Los release liners de papel y film m\u00e1s fiables del mercado\",\"isPartOf\":{\"@id\":\"https:\/\/www.itasa.es\/es\/#website\"},\"datePublished\":\"2023-08-25T11:33:18+00:00\",\"dateModified\":\"2024-02-23T21:39:47+00:00\",\"description\":\"Durante m\u00e1s de 40\u00a0a\u00f1os, Itasa ha fabricado release liners siliconados de la mayor calidad, con el desarrollo de soluciones personalizadas.\",\"breadcrumb\":{\"@id\":\"https:\/\/www.itasa.es\/es\/los-release-liners-de-papel-y-film-mas-fiables\/#breadcrumb\"},\"inLanguage\":\"es\",\"potentialAction\":[{\"@type\":\"ReadAction\",\"target\":[\"https:\/\/www.itasa.es\/es\/los-release-liners-de-papel-y-film-mas-fiables\/\"]}]},{\"@type\":\"BreadcrumbList\",\"@id\":\"https:\/\/www.itasa.es\/es\/los-release-liners-de-papel-y-film-mas-fiables\/#breadcrumb\",\"itemListElement\":[{\"@type\":\"ListItem\",\"position\":1,\"name\":\"Home\",\"item\":\"https:\/\/www.itasa.es\/es\/\"},{\"@type\":\"ListItem\",\"position\":2,\"name\":\"Los release liners de papel y film m\u00e1s fiables\"}]},{\"@type\":\"WebSite\",\"@id\":\"https:\/\/www.itasa.es\/es\/#website\",\"url\":\"https:\/\/www.itasa.es\/es\/\",\"name\":\"Itasa\",\"description\":\"50 a\u00f1os fabricando papel y film siliconados de la mayor calidad.\",\"publisher\":{\"@id\":\"https:\/\/www.itasa.es\/es\/#organization\"},\"potentialAction\":[{\"@type\":\"SearchAction\",\"target\":{\"@type\":\"EntryPoint\",\"urlTemplate\":\"https:\/\/www.itasa.es\/es\/?s={search_term_string}\"},\"query-input\":\"required name=search_term_string\"}],\"inLanguage\":\"es\"},{\"@type\":\"Organization\",\"@id\":\"https:\/\/www.itasa.es\/es\/#organization\",\"name\":\"ITASA\",\"url\":\"https:\/\/www.itasa.es\/es\/\",\"logo\":{\"@type\":\"ImageObject\",\"inLanguage\":\"es\",\"@id\":\"https:\/\/www.itasa.es\/es\/#\/schema\/logo\/image\/\",\"url\":\"https:\/\/www.itasa.es\/wp-content\/uploads\/2020\/04\/logo-itasa-e1617715626128.png\",\"contentUrl\":\"https:\/\/www.itasa.es\/wp-content\/uploads\/2020\/04\/logo-itasa-e1617715626128.png\",\"width\":729,\"height\":222,\"caption\":\"ITASA\"},\"image\":{\"@id\":\"https:\/\/www.itasa.es\/es\/#\/schema\/logo\/image\/\"},\"sameAs\":[\"https:\/\/www.linkedin.com\/company\/itasa\"]}]}<\/script>\n<!-- \/ Yoast SEO plugin. -->","yoast_head_json":{"title":"Los release liners de papel y film m\u00e1s fiables del mercado","description":"Durante m\u00e1s de 40\u00a0a\u00f1os, Itasa ha fabricado release liners siliconados de la mayor calidad, con el desarrollo de soluciones personalizadas.","robots":{"index":"index","follow":"follow","max-snippet":"max-snippet:-1","max-image-preview":"max-image-preview:large","max-video-preview":"max-video-preview:-1"},"canonical":"https:\/\/www.itasa.es\/es\/los-release-liners-de-papel-y-film-mas-fiables\/","og_locale":"es_ES","og_type":"article","og_title":"Los release liners de papel y film m\u00e1s fiables del mercado","og_description":"Durante m\u00e1s de 40\u00a0a\u00f1os, Itasa ha fabricado release liners siliconados de la mayor calidad, con el desarrollo de soluciones personalizadas.","og_url":"https:\/\/www.itasa.es\/es\/los-release-liners-de-papel-y-film-mas-fiables\/","og_site_name":"Itasa","article_modified_time":"2024-02-23T21:39:47+00:00","og_image":[{"width":1120,"height":750,"url":"https:\/\/www.itasa.es\/wp-content\/uploads\/2020\/04\/bobst1.jpg","type":"image\/jpeg"}],"twitter_card":"summary_large_image","twitter_misc":{"Tiempo de lectura":"2 minutos"},"schema":{"@context":"https:\/\/schema.org","@graph":[{"@type":"WebPage","@id":"https:\/\/www.itasa.es\/es\/los-release-liners-de-papel-y-film-mas-fiables\/","url":"https:\/\/www.itasa.es\/es\/los-release-liners-de-papel-y-film-mas-fiables\/","name":"Los release liners de papel y film m\u00e1s fiables del mercado","isPartOf":{"@id":"https:\/\/www.itasa.es\/es\/#website"},"datePublished":"2023-08-25T11:33:18+00:00","dateModified":"2024-02-23T21:39:47+00:00","description":"Durante m\u00e1s de 40\u00a0a\u00f1os, Itasa ha fabricado release liners siliconados de la mayor calidad, con el desarrollo de soluciones personalizadas.","breadcrumb":{"@id":"https:\/\/www.itasa.es\/es\/los-release-liners-de-papel-y-film-mas-fiables\/#breadcrumb"},"inLanguage":"es","potentialAction":[{"@type":"ReadAction","target":["https:\/\/www.itasa.es\/es\/los-release-liners-de-papel-y-film-mas-fiables\/"]}]},{"@type":"BreadcrumbList","@id":"https:\/\/www.itasa.es\/es\/los-release-liners-de-papel-y-film-mas-fiables\/#breadcrumb","itemListElement":[{"@type":"ListItem","position":1,"name":"Home","item":"https:\/\/www.itasa.es\/es\/"},{"@type":"ListItem","position":2,"name":"Los release liners de papel y film m\u00e1s fiables"}]},{"@type":"WebSite","@id":"https:\/\/www.itasa.es\/es\/#website","url":"https:\/\/www.itasa.es\/es\/","name":"Itasa","description":"50 a\u00f1os fabricando papel y film siliconados de la mayor calidad.","publisher":{"@id":"https:\/\/www.itasa.es\/es\/#organization"},"potentialAction":[{"@type":"SearchAction","target":{"@type":"EntryPoint","urlTemplate":"https:\/\/www.itasa.es\/es\/?s={search_term_string}"},"query-input":"required name=search_term_string"}],"inLanguage":"es"},{"@type":"Organization","@id":"https:\/\/www.itasa.es\/es\/#organization","name":"ITASA","url":"https:\/\/www.itasa.es\/es\/","logo":{"@type":"ImageObject","inLanguage":"es","@id":"https:\/\/www.itasa.es\/es\/#\/schema\/logo\/image\/","url":"https:\/\/www.itasa.es\/wp-content\/uploads\/2020\/04\/logo-itasa-e1617715626128.png","contentUrl":"https:\/\/www.itasa.es\/wp-content\/uploads\/2020\/04\/logo-itasa-e1617715626128.png","width":729,"height":222,"caption":"ITASA"},"image":{"@id":"https:\/\/www.itasa.es\/es\/#\/schema\/logo\/image\/"},"sameAs":["https:\/\/www.linkedin.com\/company\/itasa"]}]}},"_links":{"self":[{"href":"https:\/\/www.itasa.es\/es\/wp-json\/wp\/v2\/pages\/2455"}],"collection":[{"href":"https:\/\/www.itasa.es\/es\/wp-json\/wp\/v2\/pages"}],"about":[{"href":"https:\/\/www.itasa.es\/es\/wp-json\/wp\/v2\/types\/page"}],"author":[{"embeddable":true,"href":"https:\/\/www.itasa.es\/es\/wp-json\/wp\/v2\/users\/4"}],"replies":[{"embeddable":true,"href":"https:\/\/www.itasa.es\/es\/wp-json\/wp\/v2\/comments?post=2455"}],"version-history":[{"count":7,"href":"https:\/\/www.itasa.es\/es\/wp-json\/wp\/v2\/pages\/2455\/revisions"}],"predecessor-version":[{"id":2805,"href":"https:\/\/www.itasa.es\/es\/wp-json\/wp\/v2\/pages\/2455\/revisions\/2805"}],"wp:featuredmedia":[{"embeddable":true,"href":"https:\/\/www.itasa.es\/es\/wp-json\/wp\/v2\/media\/600"}],"wp:attachment":[{"href":"https:\/\/www.itasa.es\/es\/wp-json\/wp\/v2\/media?parent=2455"}],"curies":[{"name":"wp","href":"https:\/\/api.w.org\/{rel}","templated":true}]}}